{"id":15140,"date":"2026-01-12T04:14:17","date_gmt":"2026-01-12T04:14:17","guid":{"rendered":"https:\/\/www.rentboatsibiza.es\/imprint\/"},"modified":"2026-01-12T22:26:17","modified_gmt":"2026-01-12T22:26:17","slug":"impressum","status":"publish","type":"page","link":"https:\/\/www.rentboatsibiza.es\/de\/impressum\/","title":{"rendered":"Impressum"},"content":{"rendered":"\n<p><strong>Informationen gem\u00e4\u00df den geltenden europ\u00e4ischen und spanischen Vorschriften<\/strong><\/p>\n\n\n\n<h2 class=\"wp-block-heading\" id=\"block-45950c2f-5775-44d8-8321-6a2ef55f9958\">Unternehmensdaten<\/h2>\n\n\n\n<p id=\"block-415f5510-21e6-47f4-835e-cfcbe254b3ac\"><strong>Firmenname:<\/strong><br>CW Europe Group Marbella S.L.<\/p>\n\n\n\n<p id=\"block-3d3609a8-630f-4d82-91c3-58c8aab1bdf6\"><strong>Gesch\u00e4ftsadresse:<\/strong><br>Ctra. Jes\u00fas 101<br>Edif. Centro, Erdgeschoss, Lokal 5<br>07819 Jes\u00fas, Ibiza<br>Spanien<\/p>\n\n\n\n<p id=\"block-3c8eeee2-332b-4aac-b045-6f2a5098bdef\"><strong>Rechtsform:<\/strong><br>Gesellschaft mit beschr\u00e4nkter Haftung (Sociedad Limitada \u2013 S.L.)<\/p>\n\n\n\n<p id=\"block-dc937bb5-7253-4779-9189-3624d59564ab\"><strong>Gesch\u00e4ftsf\u00fchrer:<\/strong><br>Christian Wolf<br>Nicole Wolf<\/p>\n\n\n\n<h3 class=\"wp-block-heading\" id=\"block-6d662ddb-d664-4fda-bf9c-6025d91dc85a\">Kontaktdaten<\/h3>\n\n\n\n<p id=\"block-45cfdcc5-56fa-4409-bc1d-380f54ea89e5\"><strong>Telefon:<\/strong><br>+34 692 807 756<\/p>\n\n\n\n<p id=\"block-4012e725-4925-4ea2-b68a-3972dd772d2d\"><strong>E-Mail:<\/strong> rentboatsibiza@gmail.com<\/p>\n\n\n\n<p id=\"block-105edfdc-abc0-4358-a0ac-f5226f5e5b81\">Website: www.rentboatsibiza.es<\/p>\n\n\n\n<h3 class=\"wp-block-heading\" id=\"block-e0e82d1d-e4fb-4787-8b91-703223407085\">Unternehmensregistrierung<\/h3>\n\n\n\n<p id=\"block-b7c15e40-5ffc-4f40-93f7-d88afe9f2f62\"><strong>Eingetragen im:<\/strong><br>Spanisches Handelsregister (Registro Mercantil)<\/p>\n\n\n\n<p id=\"block-80a4fa04-64d3-4f71-a43f-55ffc4973e02\"><strong>Steueridentifikationsnummer (CIF):<\/strong> B93249878<\/p>\n\n\n\n<p id=\"block-37bd6196-fbc9-4a19-bff6-485bd76241ec\"><strong>Verantwortlich f\u00fcr den Inhalt<\/strong><\/p>\n\n\n\n<p id=\"block-6d58199e-9ad8-47ef-87f8-426096902580\">Verantwortlich f\u00fcr den Inhalt dieser Website gem\u00e4\u00df geltendem Recht:<\/p>\n\n\n\n<p id=\"block-2725ad59-9a4d-44f2-9c9c-234d0030a2e5\"><strong>Christian Wolf<\/strong><br>CW Europe Group Marbella S.L.<br>Ctra. Jes\u00fas 101<br>07819 Jes\u00fas, Ibiza<br>Spanien<\/p>\n\n\n\n<h3 class=\"wp-block-heading\" id=\"block-e2d37ca2-6c6b-4042-b9c0-17df21eee137\">Haftungsausschluss<\/h3>\n\n\n\n<p>Die Inhalte dieser Website wurden mit gr\u00f6\u00dfter Sorgfalt erstellt. Dennoch kann keine Gew\u00e4hr f\u00fcr die Richtigkeit, Vollst\u00e4ndigkeit und Aktualit\u00e4t der bereitgestellten Informationen \u00fcbernommen werden.<\/p>\n\n\n\n<p><\/p>\n","protected":false},"excerpt":{"rendered":"<p>Informationen gem\u00e4\u00df den geltenden europ\u00e4ischen und spanischen Vorschriften Unternehmensdaten Firmenname:CW Europe Group Marbella S.L. Gesch\u00e4ftsadresse:Ctra. Jes\u00fas 101Edif. Centro, Erdgeschoss, Lokal 507819 Jes\u00fas, IbizaSpanien Rechtsform:Gesellschaft mit beschr\u00e4nkter Haftung (Sociedad Limitada \u2013 S.L.) Gesch\u00e4ftsf\u00fchrer:Christian WolfNicole Wolf Kontaktdaten Telefon:+34 692 807 756 E-Mail: rentboatsibiza@gmail.com Website: www.rentboatsibiza.es Unternehmensregistrierung Eingetragen im:Spanisches Handelsregister (Registro Mercantil) Steueridentifikationsnummer (CIF): B93249878 Verantwortlich f\u00fcr den [&hellip;]<\/p>\n","protected":false},"author":1,"featured_media":0,"parent":0,"menu_order":0,"comment_status":"closed","ping_status":"closed","template":"","meta":{"inline_featured_image":false,"footnotes":""},"class_list":["post-15140","page","type-page","status-publish","hentry"],"yoast_head":"<!-- This site is optimized with the Yoast SEO plugin v27.4 - https:\/\/yoast.com\/product\/yoast-seo-wordpress\/ -->\n<title>Impressum - Rent Boats Ibiza<\/title>\n<meta name=\"robots\" content=\"index, follow, max-snippet:-1, max-image-preview:large, max-video-preview:-1\" \/>\n<link rel=\"canonical\" href=\"https:\/\/www.rentboatsibiza.es\/de\/impressum\/\" \/>\n<meta property=\"og:locale\" content=\"de_DE\" \/>\n<meta property=\"og:type\" content=\"article\" \/>\n<meta property=\"og:title\" content=\"Impressum - Rent Boats Ibiza\" \/>\n<meta property=\"og:description\" content=\"Informationen gem\u00e4\u00df den geltenden europ\u00e4ischen und spanischen Vorschriften Unternehmensdaten Firmenname:CW Europe Group Marbella S.L. Gesch\u00e4ftsadresse:Ctra. Jes\u00fas 101Edif. Centro, Erdgeschoss, Lokal 507819 Jes\u00fas, IbizaSpanien Rechtsform:Gesellschaft mit beschr\u00e4nkter Haftung (Sociedad Limitada \u2013 S.L.) Gesch\u00e4ftsf\u00fchrer:Christian WolfNicole Wolf Kontaktdaten Telefon:+34 692 807 756 E-Mail: rentboatsibiza@gmail.com Website: www.rentboatsibiza.es Unternehmensregistrierung Eingetragen im:Spanisches Handelsregister (Registro Mercantil) Steueridentifikationsnummer (CIF): B93249878 Verantwortlich f\u00fcr den [&hellip;]\" \/>\n<meta property=\"og:url\" content=\"https:\/\/www.rentboatsibiza.es\/de\/impressum\/\" \/>\n<meta property=\"og:site_name\" content=\"Rent Boats Ibiza\" \/>\n<meta property=\"article:publisher\" content=\"https:\/\/www.facebook.com\/rentboatsibiza\" \/>\n<meta property=\"article:modified_time\" content=\"2026-01-12T22:26:17+00:00\" \/>\n<meta name=\"twitter:card\" content=\"summary_large_image\" \/>\n<meta name=\"twitter:site\" content=\"@rentboatsibiza\" \/>\n<meta name=\"twitter:label1\" content=\"Gesch\u00e4tzte Lesezeit\" \/>\n\t<meta name=\"twitter:data1\" content=\"1\u00a0Minute\" \/>\n<script type=\"application\/ld+json\" class=\"yoast-schema-graph\">{\"@context\":\"https:\\\/\\\/schema.org\",\"@graph\":[{\"@type\":\"WebPage\",\"@id\":\"https:\\\/\\\/www.rentboatsibiza.es\\\/de\\\/impressum\\\/\",\"url\":\"https:\\\/\\\/www.rentboatsibiza.es\\\/de\\\/impressum\\\/\",\"name\":\"Impressum - Rent Boats Ibiza\",\"isPartOf\":{\"@id\":\"https:\\\/\\\/www.rentboatsibiza.es\\\/de\\\/#website\"},\"datePublished\":\"2026-01-12T04:14:17+00:00\",\"dateModified\":\"2026-01-12T22:26:17+00:00\",\"breadcrumb\":{\"@id\":\"https:\\\/\\\/www.rentboatsibiza.es\\\/de\\\/impressum\\\/#breadcrumb\"},\"inLanguage\":\"de\",\"potentialAction\":[{\"@type\":\"ReadAction\",\"target\":[\"https:\\\/\\\/www.rentboatsibiza.es\\\/de\\\/impressum\\\/\"]}]},{\"@type\":\"BreadcrumbList\",\"@id\":\"https:\\\/\\\/www.rentboatsibiza.es\\\/de\\\/impressum\\\/#breadcrumb\",\"itemListElement\":[{\"@type\":\"ListItem\",\"position\":1,\"name\":\"Home\",\"item\":\"https:\\\/\\\/www.rentboatsibiza.es\\\/de\\\/\"},{\"@type\":\"ListItem\",\"position\":2,\"name\":\"Impressum\"}]},{\"@type\":\"WebSite\",\"@id\":\"https:\\\/\\\/www.rentboatsibiza.es\\\/de\\\/#website\",\"url\":\"https:\\\/\\\/www.rentboatsibiza.es\\\/de\\\/\",\"name\":\"Rent Boats Ibiza\",\"description\":\"Best Luxury Boat &amp; Yacht Rentals\",\"publisher\":{\"@id\":\"https:\\\/\\\/www.rentboatsibiza.es\\\/de\\\/#organization\"},\"potentialAction\":[{\"@type\":\"SearchAction\",\"target\":{\"@type\":\"EntryPoint\",\"urlTemplate\":\"https:\\\/\\\/www.rentboatsibiza.es\\\/de\\\/?s={search_term_string}\"},\"query-input\":{\"@type\":\"PropertyValueSpecification\",\"valueRequired\":true,\"valueName\":\"search_term_string\"}}],\"inLanguage\":\"de\"},{\"@type\":\"Organization\",\"@id\":\"https:\\\/\\\/www.rentboatsibiza.es\\\/de\\\/#organization\",\"name\":\"Rent Boats Ibiza\",\"url\":\"https:\\\/\\\/www.rentboatsibiza.es\\\/de\\\/\",\"logo\":{\"@type\":\"ImageObject\",\"inLanguage\":\"de\",\"@id\":\"https:\\\/\\\/www.rentboatsibiza.es\\\/de\\\/#\\\/schema\\\/logo\\\/image\\\/\",\"url\":\"https:\\\/\\\/www.rentboatsibiza.es\\\/wp-content\\\/uploads\\\/2025\\\/12\\\/cw-rent-boats-logo.png\",\"contentUrl\":\"https:\\\/\\\/www.rentboatsibiza.es\\\/wp-content\\\/uploads\\\/2025\\\/12\\\/cw-rent-boats-logo.png\",\"width\":494,\"height\":238,\"caption\":\"Rent Boats Ibiza\"},\"image\":{\"@id\":\"https:\\\/\\\/www.rentboatsibiza.es\\\/de\\\/#\\\/schema\\\/logo\\\/image\\\/\"},\"sameAs\":[\"https:\\\/\\\/www.facebook.com\\\/rentboatsibiza\",\"https:\\\/\\\/x.com\\\/rentboatsibiza\",\"https:\\\/\\\/www.linkedin.com\\\/company\\\/rentboatsibiza\",\"https:\\\/\\\/www.youtube.com\\\/@CWRentBoatsIbiza\"]}]}<\/script>\n<!-- \/ Yoast SEO plugin. -->","yoast_head_json":{"title":"Impressum - Rent Boats Ibiza","robots":{"index":"index","follow":"follow","max-snippet":"max-snippet:-1","max-image-preview":"max-image-preview:large","max-video-preview":"max-video-preview:-1"},"canonical":"https:\/\/www.rentboatsibiza.es\/de\/impressum\/","og_locale":"de_DE","og_type":"article","og_title":"Impressum - Rent Boats Ibiza","og_description":"Informationen gem\u00e4\u00df den geltenden europ\u00e4ischen und spanischen Vorschriften Unternehmensdaten Firmenname:CW Europe Group Marbella S.L. Gesch\u00e4ftsadresse:Ctra. Jes\u00fas 101Edif. Centro, Erdgeschoss, Lokal 507819 Jes\u00fas, IbizaSpanien Rechtsform:Gesellschaft mit beschr\u00e4nkter Haftung (Sociedad Limitada \u2013 S.L.) Gesch\u00e4ftsf\u00fchrer:Christian WolfNicole Wolf Kontaktdaten Telefon:+34 692 807 756 E-Mail: rentboatsibiza@gmail.com Website: www.rentboatsibiza.es Unternehmensregistrierung Eingetragen im:Spanisches Handelsregister (Registro Mercantil) Steueridentifikationsnummer (CIF): B93249878 Verantwortlich f\u00fcr den [&hellip;]","og_url":"https:\/\/www.rentboatsibiza.es\/de\/impressum\/","og_site_name":"Rent Boats Ibiza","article_publisher":"https:\/\/www.facebook.com\/rentboatsibiza","article_modified_time":"2026-01-12T22:26:17+00:00","twitter_card":"summary_large_image","twitter_site":"@rentboatsibiza","twitter_misc":{"Gesch\u00e4tzte Lesezeit":"1\u00a0Minute"},"schema":{"@context":"https:\/\/schema.org","@graph":[{"@type":"WebPage","@id":"https:\/\/www.rentboatsibiza.es\/de\/impressum\/","url":"https:\/\/www.rentboatsibiza.es\/de\/impressum\/","name":"Impressum - Rent Boats Ibiza","isPartOf":{"@id":"https:\/\/www.rentboatsibiza.es\/de\/#website"},"datePublished":"2026-01-12T04:14:17+00:00","dateModified":"2026-01-12T22:26:17+00:00","breadcrumb":{"@id":"https:\/\/www.rentboatsibiza.es\/de\/impressum\/#breadcrumb"},"inLanguage":"de","potentialAction":[{"@type":"ReadAction","target":["https:\/\/www.rentboatsibiza.es\/de\/impressum\/"]}]},{"@type":"BreadcrumbList","@id":"https:\/\/www.rentboatsibiza.es\/de\/impressum\/#breadcrumb","itemListElement":[{"@type":"ListItem","position":1,"name":"Home","item":"https:\/\/www.rentboatsibiza.es\/de\/"},{"@type":"ListItem","position":2,"name":"Impressum"}]},{"@type":"WebSite","@id":"https:\/\/www.rentboatsibiza.es\/de\/#website","url":"https:\/\/www.rentboatsibiza.es\/de\/","name":"Rent Boats Ibiza","description":"Best Luxury Boat &amp; Yacht Rentals","publisher":{"@id":"https:\/\/www.rentboatsibiza.es\/de\/#organization"},"potentialAction":[{"@type":"SearchAction","target":{"@type":"EntryPoint","urlTemplate":"https:\/\/www.rentboatsibiza.es\/de\/?s={search_term_string}"},"query-input":{"@type":"PropertyValueSpecification","valueRequired":true,"valueName":"search_term_string"}}],"inLanguage":"de"},{"@type":"Organization","@id":"https:\/\/www.rentboatsibiza.es\/de\/#organization","name":"Rent Boats Ibiza","url":"https:\/\/www.rentboatsibiza.es\/de\/","logo":{"@type":"ImageObject","inLanguage":"de","@id":"https:\/\/www.rentboatsibiza.es\/de\/#\/schema\/logo\/image\/","url":"https:\/\/www.rentboatsibiza.es\/wp-content\/uploads\/2025\/12\/cw-rent-boats-logo.png","contentUrl":"https:\/\/www.rentboatsibiza.es\/wp-content\/uploads\/2025\/12\/cw-rent-boats-logo.png","width":494,"height":238,"caption":"Rent Boats Ibiza"},"image":{"@id":"https:\/\/www.rentboatsibiza.es\/de\/#\/schema\/logo\/image\/"},"sameAs":["https:\/\/www.facebook.com\/rentboatsibiza","https:\/\/x.com\/rentboatsibiza","https:\/\/www.linkedin.com\/company\/rentboatsibiza","https:\/\/www.youtube.com\/@CWRentBoatsIbiza"]}]}},"_links":{"self":[{"href":"https:\/\/www.rentboatsibiza.es\/de\/wp-json\/wp\/v2\/pages\/15140","targetHints":{"allow":["GET"]}}],"collection":[{"href":"https:\/\/www.rentboatsibiza.es\/de\/wp-json\/wp\/v2\/pages"}],"about":[{"href":"https:\/\/www.rentboatsibiza.es\/de\/wp-json\/wp\/v2\/types\/page"}],"author":[{"embeddable":true,"href":"https:\/\/www.rentboatsibiza.es\/de\/wp-json\/wp\/v2\/users\/1"}],"replies":[{"embeddable":true,"href":"https:\/\/www.rentboatsibiza.es\/de\/wp-json\/wp\/v2\/comments?post=15140"}],"version-history":[{"count":2,"href":"https:\/\/www.rentboatsibiza.es\/de\/wp-json\/wp\/v2\/pages\/15140\/revisions"}],"predecessor-version":[{"id":15250,"href":"https:\/\/www.rentboatsibiza.es\/de\/wp-json\/wp\/v2\/pages\/15140\/revisions\/15250"}],"wp:attachment":[{"href":"https:\/\/www.rentboatsibiza.es\/de\/wp-json\/wp\/v2\/media?parent=15140"}],"curies":[{"name":"wp","href":"https:\/\/api.w.org\/{rel}","templated":true}]}}