{"id":15171,"date":"2026-01-12T06:20:03","date_gmt":"2026-01-12T06:20:03","guid":{"rendered":"https:\/\/www.rentboatsibiza.es\/reservation-conditions-and-cancellation-policy\/"},"modified":"2026-01-12T06:29:37","modified_gmt":"2026-01-12T06:29:37","slug":"reservation-conditions-and-cancellation-policy","status":"publish","type":"page","link":"https:\/\/www.rentboatsibiza.es\/de\/reservation-conditions-and-cancellation-policy\/","title":{"rendered":"Reservierungsbedingungen und Stornierungsbedingungen"},"content":{"rendered":"\n<h2 class=\"wp-block-heading\">1. Unternehmensidentifikation<\/h2>\n\n\n\n<p id=\"block-62324e22-4202-4f0e-ba25-fc41fa8ba155\">Diese Reservierungsbedingungen und Stornierungsbedingungen regeln das Vertragsverh\u00e4ltnis zwischen:<\/p>\n\n\n\n<p id=\"block-c2c54ecb-066a-4f9b-8f6d-9bbb0ee88c89\"><strong>CW Europe Group Marbella S.L.<\/strong><br>T\u00e4tig unter der Marke <strong>Rent Boats Ibiza<\/strong><br>Gesch\u00e4ftsadresse:<br>Ctra. Jes\u00fas 101, Edif. Centro, Erdgeschoss, Lokal 5<br>07819 Jes\u00fas, Ibiza, Spanien<\/p>\n\n\n\n<p id=\"block-b6cd4604-9935-4303-93c4-caf6315f2412\">und alle Nutzer oder Kunden, die \u00fcber die Website<br><a href=\"http:\/\/www.rentboatsibiza.es\/de\/\"><strong>www.rentboatsibiza.es<\/strong><\/a> auf das Angebot zugreifen oder eine Reservierung vornehmen.<\/p>\n\n\n\n<p id=\"block-12eaea99-ab10-48da-9f61-b5c69a4baaf0\">Durch den Zugriff auf diese Website oder die Nutzung unserer Dienste best\u00e4tigt der Nutzer, dass er diese Bedingungen vollst\u00e4ndig gelesen und verstanden hat und ihnen zustimmt.<\/p>\n\n\n\n<h3 class=\"wp-block-heading\" id=\"block-d713617c-4772-47e6-97af-b3e2bc3fa73e\">2. Anwendungsbereich<\/h3>\n\n\n\n<p id=\"block-11790ec0-342a-4b4c-b516-31926af49e0c\">Diese Website wurde zu Informationszwecken und f\u00fcr das professionelle Angebot von Bootsverleih- und Charterdienstleistungen auf Ibiza und Formentera erstellt.<\/p>\n\n\n\n<p id=\"block-064a64ad-ee35-42cb-85f3-ca4f3f31191c\">Der Zugriff auf die Website, die Navigation und die Nutzung jeglicher Dienste setzt die Zustimmung zu folgenden Bedingungen voraus:<\/p>\n\n\n\n<ul id=\"block-9fffd41a-159f-435c-b8c9-a37408a0a37b\" class=\"wp-block-list\">\n<li>Diese Reservierungsbedingungen<\/li>\n\n\n\n<li>Rechtliche Hinweise<\/li>\n\n\n\n<li>Die Datenschutzerkl\u00e4rung<\/li>\n\n\n\n<li>Die Cookie-Richtlinie<\/li>\n<\/ul>\n\n\n\n<p id=\"block-c7ebce55-f4f9-4aab-afda-f85cd8f7e918\">Nur Personen mit voller Rechtsf\u00e4higkeit k\u00f6nnen Reservierungen vornehmen. Alle w\u00e4hrend des Buchungsvorgangs angegebenen Daten m\u00fcssen korrekt, vollst\u00e4ndig und wahrheitsgem\u00e4\u00df sein. Das Unternehmen beh\u00e4lt sich das Recht vor, Reservierungen abzulehnen oder zu stornieren, wenn falsche oder unvollst\u00e4ndige Angaben festgestellt werden.<\/p>\n\n\n\n<h3 class=\"wp-block-heading\" id=\"block-292723dd-7753-41d0-80b1-a865ad75ec12\">3. Bestellungen und Reservierungen<\/h3>\n\n\n\n<p id=\"block-f17c7477-5dd2-4e8f-90ec-463eb21fd5fc\">Alle Dienstleistungen werden zu den zum Zeitpunkt der Buchungsbest\u00e4tigung angezeigten Preisen angeboten.<\/p>\n\n\n\n<p id=\"block-7b9dcd68-3fe8-4e08-ae29-fe8e55118f44\">Eine Reservierung wird <strong>nur dann g\u00fcltig, wenn<\/strong>:<\/p>\n\n\n\n<ul id=\"block-74774522-df5e-4cd6-981d-2f56dfb7ff22\" class=\"wp-block-list\">\n<li>Das Reservierungsformular wurde korrekt ausgef\u00fcllt, und<\/li>\n\n\n\n<li><strong>100 % des gesamten Charterpreises<\/strong> wurden \u00fcber eine genehmigte Zahlungsmethode erhalten.<\/li>\n<\/ul>\n\n\n\n<p id=\"block-c25a6322-1c27-4f44-9711-d8ec66840d58\">Eine Reservierung gilt erst dann als best\u00e4tigt, wenn eine schriftliche Best\u00e4tigung per E-Mail an die vom Kunden angegebene Adresse gesendet wurde. Wenn die Best\u00e4tigungs-E-Mail nicht eingegangen ist, muss sich der Kunde unverz\u00fcglich mit uns in Verbindung setzen. Ohne diese Best\u00e4tigung ist die Reservierung <strong>ung\u00fcltig<\/strong>.<\/p>\n\n\n\n<h4 class=\"wp-block-heading\" id=\"block-d7d6e2d1-c3fa-44ed-ab86-6b3f52f29f08\">4. \u00c4nderungen und Stornierungen durch den Kunden<\/h4>\n\n\n\n<p id=\"block-ad9bd980-c25d-4c5c-8166-8e1e592b5d34\">Nach der Best\u00e4tigung k\u00f6nnen Reservierungen ohne schriftliche Zustimmung von Rent Boats Ibiza nicht mehr ge\u00e4ndert oder storniert werden. Jede genehmigte \u00c4nderung kann zu Preisanpassungen f\u00fchren, die sich nach der Verf\u00fcgbarkeit und den aktuellen Bedingungen richten.<\/p>\n\n\n\n<h4 class=\"wp-block-heading\" id=\"block-30f12eb8-c5ac-4d1c-a912-3824423c45a9\">5. Zahlungsmethoden<\/h4>\n\n\n\n<p id=\"block-7a249443-5ce3-4e78-9f7c-8865cc20e977\">Zahlungen werden \u00fcber sichere Zahlungssysteme abgewickelt. Kreditkartenzahlungen werden \u00fcber verschl\u00fcsselte SSL-Server akzeptiert, wodurch maximale Sicherheit gew\u00e4hrleistet ist.<\/p>\n\n\n\n<p id=\"block-dce895ca-9f3d-4054-acd0-e5d66028b00d\">Akzeptierte Karten:<\/p>\n\n\n\n<ul id=\"block-63a266aa-1e20-4d3c-aacb-6ea021af2e85\" class=\"wp-block-list\">\n<li>Visum<\/li>\n\n\n\n<li>MasterCard<\/li>\n<\/ul>\n\n\n\n<p id=\"block-6be16582-7e76-4b3c-afb4-f258de58f0bc\">American Express wird <strong>nicht akzeptiert<\/strong>.<\/p>\n\n\n\n<p id=\"block-c6e5a221-2c72-4283-9a09-60ecb4b2e53a\">Zahlungen \u00fcber sichere E-Commerce-Systeme (CES) sind erforderlich. Wenn die Autorisierung durch die ausstellende Bank abgelehnt wird, wird die Reservierung automatisch storniert.<\/p>\n\n\n\n<p id=\"block-36f5de15-d4db-4306-99b3-b7ad5d43694d\">Wird die Zahlung nicht vor der Abreise vollst\u00e4ndig geleistet, f\u00fchrt dies zur automatischen Stornierung der Charter.<\/p>\n\n\n\n<h3 class=\"wp-block-heading\" id=\"block-1b7799d4-766a-4423-9e13-1c4d8ba3b0e4\">6. Stornierungsbedingungen<\/h3>\n\n\n\n<p id=\"block-54ad3567-6140-4b6b-8aff-44677737f10d\">Zur Best\u00e4tigung einer Reservierung ist die <strong>vollst\u00e4ndige Zahlung (100 %)<\/strong> erforderlich.<\/p>\n\n\n\n<p id=\"block-5aa752c1-cf50-4752-9cd2-bc0f34d0b85b\">Im Falle einer Stornierung durch den Kunden gelten die folgenden R\u00fcckerstattungsbedingungen:<\/p>\n\n\n\n<ul id=\"block-072ab437-d4fe-477b-9b30-fbfebcf76c93\" class=\"wp-block-list\">\n<li><strong>100 % R\u00fcckerstattung<\/strong>: Stornierung mehr als 30 Tage vor Reiseantritt<\/li>\n\n\n\n<li><strong>75 % R\u00fcckerstattung<\/strong>: 30 bis 14 Tage vor Reiseantritt<\/li>\n\n\n\n<li><strong>50 % R\u00fcckerstattung<\/strong>: 14 bis 7 Tage vor Reiseantritt<\/li>\n\n\n\n<li><strong>25 % R\u00fcckerstattung<\/strong>: 7 Tage bis 24 Stunden vor Abflug<\/li>\n\n\n\n<li><strong>Keine R\u00fcckerstattung<\/strong>: Weniger als 24 Stunden vor Abfahrt oder bei Nichterscheinen<\/li>\n<\/ul>\n\n\n\n<p id=\"block-4af630e4-6f7a-4787-ba23-202a7257d8ad\">F\u00fcr jede Stornierung wird eine <strong>Mindestverwaltungsgeb\u00fchr von 150 \u20ac + MwSt.<\/strong> erhoben, unabh\u00e4ngig vom R\u00fcckerstattungsbetrag.<\/p>\n\n\n\n<p id=\"block-5c3e56b6-6d47-46ed-97e0-07dfc8bc81ff\">Bankgeb\u00fchren und Transaktionskosten sind nicht erstattungsf\u00e4hig.<\/p>\n\n\n\n<h3 class=\"wp-block-heading\" id=\"block-882a1e27-3802-405a-b5ec-b2b0cc5d7014\">7. Wetterbedingungen<\/h3>\n\n\n\n<p id=\"block-70837d55-67e4-4451-aef3-ced526c764b2\">Wenn die Wetterbedingungen die Navigation unsicher machen (Windb\u00f6en von 25 Knoten oder mehr und\/oder starker Regen zum Zeitpunkt der Abfahrt), wird das Unternehmen zun\u00e4chst versuchen, den Charter auf einen anderen verf\u00fcgbaren Termin zu verschieben.<\/p>\n\n\n\n<p id=\"block-7c664f03-9c74-424f-beae-41a116acec5b\">Wenn eine Umbuchung nicht m\u00f6glich ist, wird eine <strong>100%ige R\u00fcckerstattung<\/strong> gew\u00e4hrt.<\/p>\n\n\n\n<p>Bew\u00f6lktes Wetter oder ungef\u00e4hrliche Seebedingungen rechtfertigen keine R\u00fcckerstattungen.<\/p>\n\n\n\n<h3 class=\"wp-block-heading\">8. Passagierkapazit\u00e4t<\/h3>\n\n\n\n<p id=\"block-f15a7a28-091a-4997-b833-9c200acff529\">Jedes Schiff hat eine gesetzlich festgelegte maximale Passagierkapazit\u00e4t, die strikt eingehalten werden muss.<\/p>\n\n\n\n<p id=\"block-86b2d613-c908-472c-80fc-1462ed34232b\">\u00dcber diese Grenze hinaus d\u00fcrfen keine weiteren Passagiere an Bord gehen. Bei Nichtbeachtung erfolgt eine Stornierung ohne R\u00fcckerstattung.<\/p>\n\n\n\n<h3 class=\"wp-block-heading\" id=\"block-e9b523ab-23c2-4953-b005-c1ec29fdae60\">9. Charter mit Skipper<\/h3>\n\n\n\n<p id=\"block-425a3d03-f9c8-4c67-afdf-b565992b99d7\">Alle Boote werden mit einem qualifizierten Skipper vermietet, der \u00fcber die erforderlichen nautischen Zertifikate verf\u00fcgt.<\/p>\n\n\n\n<p id=\"block-6b02dad9-879c-4f82-914c-facff12eadf6\">Die Charterdauer, die Abfahrts- und R\u00fcckgabeh\u00e4fen, das Navigationsgebiet (Ibiza und\/oder Formentera) und die Reiseroute werden bei der Buchung festgelegt.<\/p>\n\n\n\n<h3 class=\"wp-block-heading\" id=\"block-7443fdeb-0098-454e-92d1-107cf90ab42f\">10. Versicherung<\/h3>\n\n\n\n<p id=\"block-28ff5e5e-8479-40ed-837a-a842e8535586\">Alle Schiffe sind durch Pflichtversicherungen, einschlie\u00dflich Haftpflicht- und Passagierversicherung, gem\u00e4\u00df den spezifischen Bedingungen des Versicherers versichert.<\/p>\n\n\n\n<h3 class=\"wp-block-heading\" id=\"block-034a244c-7ded-4dcd-84ea-363f0267b7c5\">11. Kaution<\/h3>\n\n\n\n<p id=\"block-9a531690-0a9c-4df7-8cfc-8463c7366352\">Wenn eine Kaution erforderlich ist, wird dies im Voraus angegeben. Die Kaution kann zur Deckung von Sch\u00e4den, Verlusten oder Verz\u00f6gerungen verwendet werden, die nicht durch die Versicherung abgedeckt sind. Alle \u00fcber die Kaution hinausgehenden Kosten m\u00fcssen vom Kunden getragen werden.<\/p>\n\n\n\n<h3 class=\"wp-block-heading\" id=\"block-17b68039-d0df-4f99-bfa4-125cabed8123\">12. Untervermietung<\/h3>\n\n\n\n<p id=\"block-696b6f4c-a0ba-4ff3-9ab3-c2905214a898\">Die Untervermietung oder \u00dcbertragung der Charter an Dritte ist strengstens untersagt.<\/p>\n\n\n\n<h3 class=\"wp-block-heading\" id=\"block-a85ab82c-069a-49a7-b33e-4c6777e71a74\">13. Gerichtsbarkeit<\/h3>\n\n\n\n<p id=\"block-aa6ecb39-d6f5-4b47-bf11-275b2d9fadc0\">Alle Streitigkeiten, die sich aus diesen Bedingungen ergeben, unterliegen spanischem Recht und werden ausschlie\u00dflich den Gerichten von <strong>Ibiza<\/strong> vorgelegt, wobei ausdr\u00fccklich auf jede andere Gerichtsbarkeit verzichtet wird.<\/p>\n\n\n\n<h3 class=\"wp-block-heading\" id=\"block-fed96a90-255c-4bd8-b851-a520bf6be8a0\">14. Kundendienst und Reklamationen<\/h3>\n\n\n\n<p id=\"block-9225a52f-b90b-4bf2-ac0a-01b01b3aafed\">F\u00fcr Hilfe, Fragen oder Reklamationen k\u00f6nnen sich Kunden an folgende Stelle wenden:<\/p>\n\n\n\n<p id=\"block-b2e01774-4b38-48ab-9e0a-6c0d307654d7\"><strong>E-Mail:<\/strong> rentboatsibiza@gmail.com<br><strong>Telefon:<\/strong> +34 692 807 756<\/p>\n\n\n\n<p id=\"block-1c2bdaf1-c9bd-47c0-bf20-0b17d68f691b\">Alle Anspr\u00fcche werden umgehend und professionell bearbeitet.<\/p>\n\n\n\n<h3 class=\"wp-block-heading\" id=\"block-feb8acbe-f310-4157-94d4-1ab299eb2f2f\">15. Geistiges Eigentum<\/h3>\n\n\n\n<p id=\"block-b3f0a8fe-8c06-4fcd-8d59-ee8eeb576df5\">Alle Inhalte, Texte, Bilder, Designelemente und Quellcodes dieser Website sind durch spanische und EU-Gesetze zum Schutz geistigen Eigentums gesch\u00fctzt. Jede Vervielf\u00e4ltigung oder Verwendung ohne vorherige schriftliche Zustimmung ist strengstens untersagt.<\/p>\n\n\n\n<h3 class=\"wp-block-heading\" id=\"block-d3651e9d-d0e3-47c1-a4ab-fd1980205192\">16. Steuern und Rechnungsstellung<\/h3>\n\n\n\n<p>Alle Preise verstehen sich inklusive der innerhalb der Europ\u00e4ischen Union geltenden Mehrwertsteuer, sofern nicht anders angegeben. Rechnungen werden nach Eingang der vollst\u00e4ndigen Zahlung ausgestellt. Auf Wunsch ist eine elektronische Rechnungsstellung m\u00f6glich..<\/p>\n","protected":false},"excerpt":{"rendered":"<p>1. Unternehmensidentifikation Diese Reservierungsbedingungen und Stornierungsbedingungen regeln das Vertragsverh\u00e4ltnis zwischen: CW Europe Group Marbella S.L.T\u00e4tig unter der Marke Rent Boats IbizaGesch\u00e4ftsadresse:Ctra. Jes\u00fas 101, Edif. Centro, Erdgeschoss, Lokal 507819 Jes\u00fas, Ibiza, Spanien und alle Nutzer oder Kunden, die \u00fcber die Websitewww.rentboatsibiza.es auf das Angebot zugreifen oder eine Reservierung vornehmen. Durch den Zugriff auf diese Website oder [&hellip;]<\/p>\n","protected":false},"author":1,"featured_media":0,"parent":0,"menu_order":0,"comment_status":"closed","ping_status":"closed","template":"","meta":{"inline_featured_image":false,"footnotes":""},"class_list":["post-15171","page","type-page","status-publish","hentry"],"yoast_head":"<!-- This site is optimized with the Yoast SEO plugin v27.4 - https:\/\/yoast.com\/product\/yoast-seo-wordpress\/ -->\n<title>Reservierungsbedingungen und Stornierungsbedingungen - Rent Boats Ibiza<\/title>\n<meta name=\"robots\" content=\"index, follow, max-snippet:-1, max-image-preview:large, max-video-preview:-1\" \/>\n<link rel=\"canonical\" href=\"https:\/\/www.rentboatsibiza.es\/de\/reservation-conditions-and-cancellation-policy\/\" \/>\n<meta property=\"og:locale\" content=\"de_DE\" \/>\n<meta property=\"og:type\" content=\"article\" \/>\n<meta property=\"og:title\" content=\"Reservierungsbedingungen und Stornierungsbedingungen - Rent Boats Ibiza\" \/>\n<meta property=\"og:description\" content=\"1. Unternehmensidentifikation Diese Reservierungsbedingungen und Stornierungsbedingungen regeln das Vertragsverh\u00e4ltnis zwischen: CW Europe Group Marbella S.L.T\u00e4tig unter der Marke Rent Boats IbizaGesch\u00e4ftsadresse:Ctra. Jes\u00fas 101, Edif. Centro, Erdgeschoss, Lokal 507819 Jes\u00fas, Ibiza, Spanien und alle Nutzer oder Kunden, die \u00fcber die Websitewww.rentboatsibiza.es auf das Angebot zugreifen oder eine Reservierung vornehmen. Durch den Zugriff auf diese Website oder [&hellip;]\" \/>\n<meta property=\"og:url\" content=\"https:\/\/www.rentboatsibiza.es\/de\/reservation-conditions-and-cancellation-policy\/\" \/>\n<meta property=\"og:site_name\" content=\"Rent Boats Ibiza\" \/>\n<meta property=\"article:publisher\" content=\"https:\/\/www.facebook.com\/rentboatsibiza\" \/>\n<meta property=\"article:modified_time\" content=\"2026-01-12T06:29:37+00:00\" \/>\n<meta name=\"twitter:card\" content=\"summary_large_image\" \/>\n<meta name=\"twitter:site\" content=\"@rentboatsibiza\" \/>\n<meta name=\"twitter:label1\" content=\"Gesch\u00e4tzte Lesezeit\" \/>\n\t<meta name=\"twitter:data1\" content=\"5\u00a0Minuten\" \/>\n<script type=\"application\/ld+json\" class=\"yoast-schema-graph\">{\"@context\":\"https:\\\/\\\/schema.org\",\"@graph\":[{\"@type\":\"WebPage\",\"@id\":\"https:\\\/\\\/www.rentboatsibiza.es\\\/de\\\/reservation-conditions-and-cancellation-policy\\\/\",\"url\":\"https:\\\/\\\/www.rentboatsibiza.es\\\/de\\\/reservation-conditions-and-cancellation-policy\\\/\",\"name\":\"Reservierungsbedingungen und Stornierungsbedingungen - Rent Boats Ibiza\",\"isPartOf\":{\"@id\":\"https:\\\/\\\/www.rentboatsibiza.es\\\/de\\\/#website\"},\"datePublished\":\"2026-01-12T06:20:03+00:00\",\"dateModified\":\"2026-01-12T06:29:37+00:00\",\"breadcrumb\":{\"@id\":\"https:\\\/\\\/www.rentboatsibiza.es\\\/de\\\/reservation-conditions-and-cancellation-policy\\\/#breadcrumb\"},\"inLanguage\":\"de\",\"potentialAction\":[{\"@type\":\"ReadAction\",\"target\":[\"https:\\\/\\\/www.rentboatsibiza.es\\\/de\\\/reservation-conditions-and-cancellation-policy\\\/\"]}]},{\"@type\":\"BreadcrumbList\",\"@id\":\"https:\\\/\\\/www.rentboatsibiza.es\\\/de\\\/reservation-conditions-and-cancellation-policy\\\/#breadcrumb\",\"itemListElement\":[{\"@type\":\"ListItem\",\"position\":1,\"name\":\"Home\",\"item\":\"https:\\\/\\\/www.rentboatsibiza.es\\\/de\\\/\"},{\"@type\":\"ListItem\",\"position\":2,\"name\":\"Reservierungsbedingungen und Stornierungsbedingungen\"}]},{\"@type\":\"WebSite\",\"@id\":\"https:\\\/\\\/www.rentboatsibiza.es\\\/de\\\/#website\",\"url\":\"https:\\\/\\\/www.rentboatsibiza.es\\\/de\\\/\",\"name\":\"Rent Boats Ibiza\",\"description\":\"Best Luxury Boat &amp; Yacht Rentals\",\"publisher\":{\"@id\":\"https:\\\/\\\/www.rentboatsibiza.es\\\/de\\\/#organization\"},\"potentialAction\":[{\"@type\":\"SearchAction\",\"target\":{\"@type\":\"EntryPoint\",\"urlTemplate\":\"https:\\\/\\\/www.rentboatsibiza.es\\\/de\\\/?s={search_term_string}\"},\"query-input\":{\"@type\":\"PropertyValueSpecification\",\"valueRequired\":true,\"valueName\":\"search_term_string\"}}],\"inLanguage\":\"de\"},{\"@type\":\"Organization\",\"@id\":\"https:\\\/\\\/www.rentboatsibiza.es\\\/de\\\/#organization\",\"name\":\"Rent Boats Ibiza\",\"url\":\"https:\\\/\\\/www.rentboatsibiza.es\\\/de\\\/\",\"logo\":{\"@type\":\"ImageObject\",\"inLanguage\":\"de\",\"@id\":\"https:\\\/\\\/www.rentboatsibiza.es\\\/de\\\/#\\\/schema\\\/logo\\\/image\\\/\",\"url\":\"https:\\\/\\\/www.rentboatsibiza.es\\\/wp-content\\\/uploads\\\/2025\\\/12\\\/cw-rent-boats-logo.png\",\"contentUrl\":\"https:\\\/\\\/www.rentboatsibiza.es\\\/wp-content\\\/uploads\\\/2025\\\/12\\\/cw-rent-boats-logo.png\",\"width\":494,\"height\":238,\"caption\":\"Rent Boats Ibiza\"},\"image\":{\"@id\":\"https:\\\/\\\/www.rentboatsibiza.es\\\/de\\\/#\\\/schema\\\/logo\\\/image\\\/\"},\"sameAs\":[\"https:\\\/\\\/www.facebook.com\\\/rentboatsibiza\",\"https:\\\/\\\/x.com\\\/rentboatsibiza\",\"https:\\\/\\\/www.linkedin.com\\\/company\\\/rentboatsibiza\",\"https:\\\/\\\/www.youtube.com\\\/@CWRentBoatsIbiza\"]}]}<\/script>\n<!-- \/ Yoast SEO plugin. -->","yoast_head_json":{"title":"Reservierungsbedingungen und Stornierungsbedingungen - Rent Boats Ibiza","robots":{"index":"index","follow":"follow","max-snippet":"max-snippet:-1","max-image-preview":"max-image-preview:large","max-video-preview":"max-video-preview:-1"},"canonical":"https:\/\/www.rentboatsibiza.es\/de\/reservation-conditions-and-cancellation-policy\/","og_locale":"de_DE","og_type":"article","og_title":"Reservierungsbedingungen und Stornierungsbedingungen - Rent Boats Ibiza","og_description":"1. Unternehmensidentifikation Diese Reservierungsbedingungen und Stornierungsbedingungen regeln das Vertragsverh\u00e4ltnis zwischen: CW Europe Group Marbella S.L.T\u00e4tig unter der Marke Rent Boats IbizaGesch\u00e4ftsadresse:Ctra. Jes\u00fas 101, Edif. Centro, Erdgeschoss, Lokal 507819 Jes\u00fas, Ibiza, Spanien und alle Nutzer oder Kunden, die \u00fcber die Websitewww.rentboatsibiza.es auf das Angebot zugreifen oder eine Reservierung vornehmen. Durch den Zugriff auf diese Website oder [&hellip;]","og_url":"https:\/\/www.rentboatsibiza.es\/de\/reservation-conditions-and-cancellation-policy\/","og_site_name":"Rent Boats Ibiza","article_publisher":"https:\/\/www.facebook.com\/rentboatsibiza","article_modified_time":"2026-01-12T06:29:37+00:00","twitter_card":"summary_large_image","twitter_site":"@rentboatsibiza","twitter_misc":{"Gesch\u00e4tzte Lesezeit":"5\u00a0Minuten"},"schema":{"@context":"https:\/\/schema.org","@graph":[{"@type":"WebPage","@id":"https:\/\/www.rentboatsibiza.es\/de\/reservation-conditions-and-cancellation-policy\/","url":"https:\/\/www.rentboatsibiza.es\/de\/reservation-conditions-and-cancellation-policy\/","name":"Reservierungsbedingungen und Stornierungsbedingungen - Rent Boats Ibiza","isPartOf":{"@id":"https:\/\/www.rentboatsibiza.es\/de\/#website"},"datePublished":"2026-01-12T06:20:03+00:00","dateModified":"2026-01-12T06:29:37+00:00","breadcrumb":{"@id":"https:\/\/www.rentboatsibiza.es\/de\/reservation-conditions-and-cancellation-policy\/#breadcrumb"},"inLanguage":"de","potentialAction":[{"@type":"ReadAction","target":["https:\/\/www.rentboatsibiza.es\/de\/reservation-conditions-and-cancellation-policy\/"]}]},{"@type":"BreadcrumbList","@id":"https:\/\/www.rentboatsibiza.es\/de\/reservation-conditions-and-cancellation-policy\/#breadcrumb","itemListElement":[{"@type":"ListItem","position":1,"name":"Home","item":"https:\/\/www.rentboatsibiza.es\/de\/"},{"@type":"ListItem","position":2,"name":"Reservierungsbedingungen und Stornierungsbedingungen"}]},{"@type":"WebSite","@id":"https:\/\/www.rentboatsibiza.es\/de\/#website","url":"https:\/\/www.rentboatsibiza.es\/de\/","name":"Rent Boats Ibiza","description":"Best Luxury Boat &amp; Yacht Rentals","publisher":{"@id":"https:\/\/www.rentboatsibiza.es\/de\/#organization"},"potentialAction":[{"@type":"SearchAction","target":{"@type":"EntryPoint","urlTemplate":"https:\/\/www.rentboatsibiza.es\/de\/?s={search_term_string}"},"query-input":{"@type":"PropertyValueSpecification","valueRequired":true,"valueName":"search_term_string"}}],"inLanguage":"de"},{"@type":"Organization","@id":"https:\/\/www.rentboatsibiza.es\/de\/#organization","name":"Rent Boats Ibiza","url":"https:\/\/www.rentboatsibiza.es\/de\/","logo":{"@type":"ImageObject","inLanguage":"de","@id":"https:\/\/www.rentboatsibiza.es\/de\/#\/schema\/logo\/image\/","url":"https:\/\/www.rentboatsibiza.es\/wp-content\/uploads\/2025\/12\/cw-rent-boats-logo.png","contentUrl":"https:\/\/www.rentboatsibiza.es\/wp-content\/uploads\/2025\/12\/cw-rent-boats-logo.png","width":494,"height":238,"caption":"Rent Boats Ibiza"},"image":{"@id":"https:\/\/www.rentboatsibiza.es\/de\/#\/schema\/logo\/image\/"},"sameAs":["https:\/\/www.facebook.com\/rentboatsibiza","https:\/\/x.com\/rentboatsibiza","https:\/\/www.linkedin.com\/company\/rentboatsibiza","https:\/\/www.youtube.com\/@CWRentBoatsIbiza"]}]}},"_links":{"self":[{"href":"https:\/\/www.rentboatsibiza.es\/de\/wp-json\/wp\/v2\/pages\/15171","targetHints":{"allow":["GET"]}}],"collection":[{"href":"https:\/\/www.rentboatsibiza.es\/de\/wp-json\/wp\/v2\/pages"}],"about":[{"href":"https:\/\/www.rentboatsibiza.es\/de\/wp-json\/wp\/v2\/types\/page"}],"author":[{"embeddable":true,"href":"https:\/\/www.rentboatsibiza.es\/de\/wp-json\/wp\/v2\/users\/1"}],"replies":[{"embeddable":true,"href":"https:\/\/www.rentboatsibiza.es\/de\/wp-json\/wp\/v2\/comments?post=15171"}],"version-history":[{"count":1,"href":"https:\/\/www.rentboatsibiza.es\/de\/wp-json\/wp\/v2\/pages\/15171\/revisions"}],"predecessor-version":[{"id":15176,"href":"https:\/\/www.rentboatsibiza.es\/de\/wp-json\/wp\/v2\/pages\/15171\/revisions\/15176"}],"wp:attachment":[{"href":"https:\/\/www.rentboatsibiza.es\/de\/wp-json\/wp\/v2\/media?parent=15171"}],"curies":[{"name":"wp","href":"https:\/\/api.w.org\/{rel}","templated":true}]}}