{"id":15216,"date":"2026-01-12T06:56:22","date_gmt":"2026-01-12T06:56:22","guid":{"rendered":"https:\/\/www.rentboatsibiza.es\/cookie-policy\/"},"modified":"2026-01-12T06:58:47","modified_gmt":"2026-01-12T06:58:47","slug":"cookie-richtlinie","status":"publish","type":"page","link":"https:\/\/www.rentboatsibiza.es\/de\/cookie-richtlinie\/","title":{"rendered":"Cookie-Richtlinie"},"content":{"rendered":"\n<h2 class=\"wp-block-heading\">1. Was sind Cookies?<\/h2>\n\n\n\n<p id=\"block-0ed75429-bf83-4822-b3fd-c19df2623d89\">Cookies sind kleine Textdateien, die beim Besuch einer Website auf das Ger\u00e4t eines Benutzers heruntergeladen und dort gespeichert werden. Sie erm\u00f6glichen es der Website, das Ger\u00e4t des Benutzers zu erkennen und Informationen \u00fcber das Surfverhalten, Pr\u00e4ferenzen oder technische Einstellungen zu speichern oder abzurufen. Cookies tragen dazu bei, dass die Website ordnungsgem\u00e4\u00df funktioniert, die Leistung verbessert wird und eine bessere Benutzererfahrung geboten wird.<\/p>\n\n\n\n<p id=\"block-023c3cd2-5541-4a76-81d8-9814e7c3cae8\">Cookies enthalten keine Viren, besch\u00e4digen Ihr Ger\u00e4t nicht und k\u00f6nnen nicht auf pers\u00f6nliche Dateien zugreifen. Im Allgemeinen identifizieren Cookies Nutzer nicht direkt, es sei denn, personenbezogene Daten werden freiwillig angegeben und mit vorheriger Zustimmung mit einem Cookie verkn\u00fcpft.<\/p>\n\n\n\n<p id=\"block-a5693517-1f69-409c-b210-dcf029ea2e07\">In \u00dcbereinstimmung mit der <strong>Verordnung (EU) 2016\/679 (DSGVO)<\/strong>, dem <strong>Organgesetz 3\/2018 (LOPDGDD)<\/strong> und dem <strong>Gesetz 34\/2002 (LSSI-CE)<\/strong> werden Cookies, die nicht unbedingt erforderlich sind, nur verwendet, nachdem der Nutzer seine ausdr\u00fcckliche Zustimmung gegeben hat.<\/p>\n\n\n\n<h2 class=\"wp-block-heading\" id=\"block-2ff896f8-abf5-4b62-94bc-4352a40ad14b\">2. Verantwortliche Stelle<\/h2>\n\n\n\n<p id=\"block-72f4b57a-e274-4880-bec3-e8cd1e06fdaa\">Diese Cookie-Richtlinie gilt f\u00fcr die Website, die betrieben wird von:<\/p>\n\n\n\n<p id=\"block-2748799e-99b0-4e71-8f72-08abd01e7179\"><strong>Unternehmen:<\/strong> CW Group Ibiza ( CW Europe Group Marbella S.L )<br><strong>Eingetragene Adresse:<\/strong><br>Ctra. Jes\u00fas 101<br>Edif. Centro, Planta Baja, Local 5<br>07819 Jes\u00fas, Ibiza<br>Spanien<\/p>\n\n\n\n<p id=\"block-e26f16fb-10ed-4182-b522-87684d1806e4\"><strong>Kontakt-E-Mail:<\/strong> rentboatsibiza@gmail.com<\/p>\n\n\n\n<p id=\"block-d3a62508-3b66-40a7-a55a-d4c78495067b\">Die CW Group Ibiza (CW Europe Group Marbella S.L) ist f\u00fcr die Verwendung und Verwaltung von Cookies auf dieser Website verantwortlich.<\/p>\n\n\n\n<h2 class=\"wp-block-heading\" id=\"block-3626af57-793d-4faf-9e54-cf70b184fcc2\">3. Arten von Cookies, die auf dieser Website verwendet werden<\/h2>\n\n\n\n<h3 class=\"wp-block-heading\" id=\"block-aefdae5c-7884-4a71-91cb-2041e0e66c74\">a) Unbedingt erforderliche (technische) Cookies<\/h3>\n\n\n\n<p id=\"block-d2cf2964-2920-4bec-af96-84019e86e686\">Diese Cookies sind f\u00fcr den ordnungsgem\u00e4\u00dfen Betrieb der Website unerl\u00e4sslich und bed\u00fcrfen keiner Zustimmung des Nutzers. Sie erm\u00f6glichen Kernfunktionen wie sichere Navigation, Sitzungsmanagement, Formular\u00fcbermittlung, Buchungsprozesse und Zugriff auf gesch\u00fctzte Bereiche.<\/p>\n\n\n\n<h3 class=\"wp-block-heading\" id=\"block-1d57885f-b61b-4610-bfb3-61626ac7e676\">b) Pr\u00e4ferenz- oder Personalisierungs-Cookies<\/h3>\n\n\n\n<p id=\"block-90d98f1c-98c1-4181-9d62-9f90e50f477f\">Diese Cookies erm\u00f6glichen es der Website, sich die Auswahl des Benutzers wie Sprache, Region oder Browsertyp zu merken, um ein personalisierteres Surferlebnis zu bieten.<\/p>\n\n\n\n<h3 class=\"wp-block-heading\" id=\"block-a3296d65-2781-4a37-8345-0f5a9c2b2733\">c) Analyse-Cookies<\/h3>\n\n\n\n<p id=\"block-2c6935f9-a8b4-4bf0-9469-a1a4fffc381b\">Analytics-Cookies sammeln anonyme statistische Daten dar\u00fcber, wie Nutzer mit der Website interagieren, z. B. besuchte Seiten, Verweildauer auf der Website und Navigationsmuster. Diese Informationen helfen uns, die Leistung und den Inhalt der Website zu verbessern.<\/p>\n\n\n\n<p id=\"block-119ea8d9-37c8-4618-89fa-0ee281bd243c\">Diese Cookies werden erst aktiviert, nachdem der Nutzer seine ausdr\u00fcckliche Zustimmung gegeben hat.<\/p>\n\n\n\n<h3 class=\"wp-block-heading\" id=\"block-5038adb9-7f6b-4b8f-bfc9-eb7882b23601\">d) Werbe-Cookies<\/h3>\n\n\n\n<p id=\"block-7458b114-f1f2-4bd6-bb4b-2b89acc838cd\">Werbe-Cookies werden verwendet, um Werbefl\u00e4chen effektiv zu verwalten und Inhalte anzuzeigen, die aufgrund der Interaktion des Nutzers mit der Website relevant sein k\u00f6nnten. Diese Cookies erfordern die vorherige Zustimmung des Nutzers.<\/p>\n\n\n\n<h3 class=\"wp-block-heading\" id=\"block-eda0793e-3835-4651-a6d9-bfb4316b39fe\">e) Cookies f\u00fcr verhaltensbasierte Werbung<\/h3>\n\n\n\n<p id=\"block-7e08933a-df75-4674-b18c-4f056d5b4d9a\">Diese Cookies speichern Informationen \u00fcber das Surfverhalten im Laufe der Zeit, um ein Nutzerprofil zu erstellen, mit dem personalisierte Werbung angezeigt werden kann. Diese Cookies werden nur mit ausdr\u00fccklicher Zustimmung des Nutzers verwendet.<\/p>\n\n\n\n<h3 class=\"wp-block-heading\" id=\"block-54fe963a-50e4-4bbf-a6d8-91a3ca264a13\">f) Cookies von Drittanbietern<\/h3>\n\n\n\n<p id=\"block-a16d31a8-8e56-4f79-acee-9ed51f27e6bc\">Diese Website kann Cookies von Drittanbietern f\u00fcr Analyse-, Social-Media-Integrations- oder Werbezwecke verwenden. Diese Cookies werden von Drittanbietern verwaltet und unterliegen deren eigenen Cookie- und Datenschutzrichtlinien.<\/p>\n\n\n\n<h2 class=\"wp-block-heading\" id=\"block-11ad1a75-e148-4563-a148-8620ae15f141\">4. Google Analytics<\/h2>\n\n\n\n<p id=\"block-ac38bc2e-3df9-43d5-9c05-30f6174788de\">Diese Website verwendet <strong>Google Analytics<\/strong>, einen Webanalysedienst der <strong>Google LLC<\/strong> mit Sitz in 1600 Amphitheatre Parkway, Mountain View, Kalifornien 94043, Vereinigte Staaten.<\/p>\n\n\n\n<p id=\"block-06052aa3-f256-4a8d-82e0-84613ba55f2e\">Google Analytics verwendet Cookies, um die Nutzung der Website zu analysieren. Die gesammelten Informationen, zu denen auch anonymisierte IP-Adressen geh\u00f6ren k\u00f6nnen, werden an Google \u00fcbertragen und von Google auf Servern au\u00dferhalb der Europ\u00e4ischen Union gem\u00e4\u00df den geltenden Datenschutzbestimmungen verarbeitet.<\/p>\n\n\n\n<p id=\"block-b533ca2e-4537-4fd2-a36c-a628ad85f908\">Google Analytics-Cookies werden nur installiert, nachdem der Nutzer \u00fcber das Cookie-Banner oder das Einstellungsfeld seine ausdr\u00fcckliche Zustimmung gegeben hat.<\/p>\n\n\n\n<h2 class=\"wp-block-heading\" id=\"block-a5f55e5d-65fc-4ebb-8b65-52296d8230b9\">5. Rechtsgrundlage f\u00fcr die Verwendung von Cookies<\/h2>\n\n\n\n<p id=\"block-942fcaa3-e2a9-4c85-9b93-1a9269861161\">Die Rechtsgrundlage f\u00fcr die Verwendung von Cookies ist:<\/p>\n\n\n\n<ul id=\"block-14e4c397-507b-403d-a95b-6f4f00f22777\" class=\"wp-block-list\">\n<li><strong>Artikel 6 Absatz 1 Buchstabe a DSGVO<\/strong> \u2013 Einwilligung des Nutzers (Analysen, Werbung, Cookies von Drittanbietern)<\/li>\n\n\n\n<li><strong>Artikel 6 Absatz 1 Buchstabe f DSGVO<\/strong> \u2013 berechtigtes Interesse (unbedingt erforderliche technische Cookies)<\/li>\n<\/ul>\n\n\n\n<p id=\"block-ede7bd56-168f-4a48-a99a-54b0800bb08b\">Die Nutzer k\u00f6nnen ihre Einwilligung jederzeit widerrufen oder \u00e4ndern.<\/p>\n\n\n\n<h2 class=\"wp-block-heading\" id=\"block-1fb818f9-eb23-4341-9f1a-8eb7cefd5fd0\">6. So verwalten oder deaktivieren Sie Cookies<\/h2>\n\n\n\n<p id=\"block-1f21ec5d-8058-4316-adc1-f9235c2a8528\">Benutzer k\u00f6nnen Cookies jederzeit \u00fcber ihre Browsereinstellungen zulassen, blockieren oder l\u00f6schen. Bitte beachten Sie, dass die Deaktivierung von Cookies die Funktionalit\u00e4t der Website beeintr\u00e4chtigen kann.<\/p>\n\n\n\n<p id=\"block-be1eb73d-42b5-4327-9ad4-5270ea9cd3d8\">Browser-Anweisungen:<\/p>\n\n\n\n<ul id=\"block-7ba51f37-7cde-4b7b-bde9-781fae1f2786\" class=\"wp-block-list\">\n<li><strong>Google Chrome:<\/strong> Einstellungen \u2192 Datenschutz und Sicherheit \u2192 Cookies und andere Website-Daten<\/li>\n\n\n\n<li><strong>Microsoft Edge \/ Internet Explorer:<\/strong> Internetoptionen \u2192 Datenschutz<\/li>\n\n\n\n<li><strong>Mozilla Firefox:<\/strong> Einstellungen \u2192 Datenschutz &amp; Sicherheit \u2192 Cookies und Website-Daten<\/li>\n\n\n\n<li><strong>Safari:<\/strong> Einstellungen \u2192 Datenschutz<\/li>\n<\/ul>\n\n\n\n<p id=\"block-857802f2-954f-468a-9202-541603382ad2\">Benutzer k\u00f6nnen ihre Cookie-Einstellungen auch \u00fcber das auf der Website verf\u00fcgbare Tool zur Cookie-Konfiguration anpassen.<\/p>\n\n\n\n<h2 class=\"wp-block-heading\" id=\"block-3db7d072-02cc-4a1b-8e9e-9513a5b5f7f1\">7. Aktualisierungen dieser Cookie-Richtlinie<\/h2>\n\n\n\n<p id=\"block-093f1781-0fba-4dee-8c7e-36d5f3354880\">Diese Cookie-Richtlinie kann aktualisiert werden, um rechtlichen, technischen oder betrieblichen \u00c4nderungen Rechnung zu tragen. Die aktuellste Version wird stets auf dieser Website ver\u00f6ffentlicht.<\/p>\n\n\n\n<h2 class=\"wp-block-heading\" id=\"block-6af17e75-bd65-4f90-9876-3325e70f9ae4\">8. Kontakt<\/h2>\n\n\n\n<p>Bei Fragen zu dieser Cookie-Richtlinie wenden Sie sich bitte an:<strong>CW Group \u2013 Real Estate Ibiza&nbsp; <\/strong>( CW Europe Group Marbella S.L )<br>&nbsp;rentboatsibiza@gmail.com<\/p>\n","protected":false},"excerpt":{"rendered":"<p>1. Was sind Cookies? Cookies sind kleine Textdateien, die beim Besuch einer Website auf das Ger\u00e4t eines Benutzers heruntergeladen und dort gespeichert werden. Sie erm\u00f6glichen es der Website, das Ger\u00e4t des Benutzers zu erkennen und Informationen \u00fcber das Surfverhalten, Pr\u00e4ferenzen oder technische Einstellungen zu speichern oder abzurufen. Cookies tragen dazu bei, dass die Website ordnungsgem\u00e4\u00df [&hellip;]<\/p>\n","protected":false},"author":1,"featured_media":0,"parent":0,"menu_order":0,"comment_status":"closed","ping_status":"closed","template":"","meta":{"inline_featured_image":false,"footnotes":""},"class_list":["post-15216","page","type-page","status-publish","hentry"],"yoast_head":"<!-- This site is optimized with the Yoast SEO plugin v27.4 - https:\/\/yoast.com\/product\/yoast-seo-wordpress\/ -->\n<title>Cookie-Richtlinie - Rent Boats Ibiza<\/title>\n<meta name=\"robots\" content=\"index, follow, max-snippet:-1, max-image-preview:large, max-video-preview:-1\" \/>\n<link rel=\"canonical\" href=\"https:\/\/www.rentboatsibiza.es\/de\/cookie-richtlinie\/\" \/>\n<meta property=\"og:locale\" content=\"de_DE\" \/>\n<meta property=\"og:type\" content=\"article\" \/>\n<meta property=\"og:title\" content=\"Cookie-Richtlinie - Rent Boats Ibiza\" \/>\n<meta property=\"og:description\" content=\"1. Was sind Cookies? Cookies sind kleine Textdateien, die beim Besuch einer Website auf das Ger\u00e4t eines Benutzers heruntergeladen und dort gespeichert werden. Sie erm\u00f6glichen es der Website, das Ger\u00e4t des Benutzers zu erkennen und Informationen \u00fcber das Surfverhalten, Pr\u00e4ferenzen oder technische Einstellungen zu speichern oder abzurufen. Cookies tragen dazu bei, dass die Website ordnungsgem\u00e4\u00df [&hellip;]\" \/>\n<meta property=\"og:url\" content=\"https:\/\/www.rentboatsibiza.es\/de\/cookie-richtlinie\/\" \/>\n<meta property=\"og:site_name\" content=\"Rent Boats Ibiza\" \/>\n<meta property=\"article:publisher\" content=\"https:\/\/www.facebook.com\/rentboatsibiza\" \/>\n<meta property=\"article:modified_time\" content=\"2026-01-12T06:58:47+00:00\" \/>\n<meta name=\"twitter:card\" content=\"summary_large_image\" \/>\n<meta name=\"twitter:site\" content=\"@rentboatsibiza\" \/>\n<meta name=\"twitter:label1\" content=\"Gesch\u00e4tzte Lesezeit\" \/>\n\t<meta name=\"twitter:data1\" content=\"4\u00a0Minuten\" \/>\n<script type=\"application\/ld+json\" class=\"yoast-schema-graph\">{\"@context\":\"https:\\\/\\\/schema.org\",\"@graph\":[{\"@type\":\"WebPage\",\"@id\":\"https:\\\/\\\/www.rentboatsibiza.es\\\/de\\\/cookie-richtlinie\\\/\",\"url\":\"https:\\\/\\\/www.rentboatsibiza.es\\\/de\\\/cookie-richtlinie\\\/\",\"name\":\"Cookie-Richtlinie - Rent Boats Ibiza\",\"isPartOf\":{\"@id\":\"https:\\\/\\\/www.rentboatsibiza.es\\\/de\\\/#website\"},\"datePublished\":\"2026-01-12T06:56:22+00:00\",\"dateModified\":\"2026-01-12T06:58:47+00:00\",\"breadcrumb\":{\"@id\":\"https:\\\/\\\/www.rentboatsibiza.es\\\/de\\\/cookie-richtlinie\\\/#breadcrumb\"},\"inLanguage\":\"de\",\"potentialAction\":[{\"@type\":\"ReadAction\",\"target\":[\"https:\\\/\\\/www.rentboatsibiza.es\\\/de\\\/cookie-richtlinie\\\/\"]}]},{\"@type\":\"BreadcrumbList\",\"@id\":\"https:\\\/\\\/www.rentboatsibiza.es\\\/de\\\/cookie-richtlinie\\\/#breadcrumb\",\"itemListElement\":[{\"@type\":\"ListItem\",\"position\":1,\"name\":\"Home\",\"item\":\"https:\\\/\\\/www.rentboatsibiza.es\\\/de\\\/\"},{\"@type\":\"ListItem\",\"position\":2,\"name\":\"Cookie-Richtlinie\"}]},{\"@type\":\"WebSite\",\"@id\":\"https:\\\/\\\/www.rentboatsibiza.es\\\/de\\\/#website\",\"url\":\"https:\\\/\\\/www.rentboatsibiza.es\\\/de\\\/\",\"name\":\"Rent Boats Ibiza\",\"description\":\"Best Luxury Boat &amp; Yacht Rentals\",\"publisher\":{\"@id\":\"https:\\\/\\\/www.rentboatsibiza.es\\\/de\\\/#organization\"},\"potentialAction\":[{\"@type\":\"SearchAction\",\"target\":{\"@type\":\"EntryPoint\",\"urlTemplate\":\"https:\\\/\\\/www.rentboatsibiza.es\\\/de\\\/?s={search_term_string}\"},\"query-input\":{\"@type\":\"PropertyValueSpecification\",\"valueRequired\":true,\"valueName\":\"search_term_string\"}}],\"inLanguage\":\"de\"},{\"@type\":\"Organization\",\"@id\":\"https:\\\/\\\/www.rentboatsibiza.es\\\/de\\\/#organization\",\"name\":\"Rent Boats Ibiza\",\"url\":\"https:\\\/\\\/www.rentboatsibiza.es\\\/de\\\/\",\"logo\":{\"@type\":\"ImageObject\",\"inLanguage\":\"de\",\"@id\":\"https:\\\/\\\/www.rentboatsibiza.es\\\/de\\\/#\\\/schema\\\/logo\\\/image\\\/\",\"url\":\"https:\\\/\\\/www.rentboatsibiza.es\\\/wp-content\\\/uploads\\\/2025\\\/12\\\/cw-rent-boats-logo.png\",\"contentUrl\":\"https:\\\/\\\/www.rentboatsibiza.es\\\/wp-content\\\/uploads\\\/2025\\\/12\\\/cw-rent-boats-logo.png\",\"width\":494,\"height\":238,\"caption\":\"Rent Boats Ibiza\"},\"image\":{\"@id\":\"https:\\\/\\\/www.rentboatsibiza.es\\\/de\\\/#\\\/schema\\\/logo\\\/image\\\/\"},\"sameAs\":[\"https:\\\/\\\/www.facebook.com\\\/rentboatsibiza\",\"https:\\\/\\\/x.com\\\/rentboatsibiza\",\"https:\\\/\\\/www.linkedin.com\\\/company\\\/rentboatsibiza\",\"https:\\\/\\\/www.youtube.com\\\/@CWRentBoatsIbiza\"]}]}<\/script>\n<!-- \/ Yoast SEO plugin. -->","yoast_head_json":{"title":"Cookie-Richtlinie - Rent Boats Ibiza","robots":{"index":"index","follow":"follow","max-snippet":"max-snippet:-1","max-image-preview":"max-image-preview:large","max-video-preview":"max-video-preview:-1"},"canonical":"https:\/\/www.rentboatsibiza.es\/de\/cookie-richtlinie\/","og_locale":"de_DE","og_type":"article","og_title":"Cookie-Richtlinie - Rent Boats Ibiza","og_description":"1. Was sind Cookies? Cookies sind kleine Textdateien, die beim Besuch einer Website auf das Ger\u00e4t eines Benutzers heruntergeladen und dort gespeichert werden. Sie erm\u00f6glichen es der Website, das Ger\u00e4t des Benutzers zu erkennen und Informationen \u00fcber das Surfverhalten, Pr\u00e4ferenzen oder technische Einstellungen zu speichern oder abzurufen. Cookies tragen dazu bei, dass die Website ordnungsgem\u00e4\u00df [&hellip;]","og_url":"https:\/\/www.rentboatsibiza.es\/de\/cookie-richtlinie\/","og_site_name":"Rent Boats Ibiza","article_publisher":"https:\/\/www.facebook.com\/rentboatsibiza","article_modified_time":"2026-01-12T06:58:47+00:00","twitter_card":"summary_large_image","twitter_site":"@rentboatsibiza","twitter_misc":{"Gesch\u00e4tzte Lesezeit":"4\u00a0Minuten"},"schema":{"@context":"https:\/\/schema.org","@graph":[{"@type":"WebPage","@id":"https:\/\/www.rentboatsibiza.es\/de\/cookie-richtlinie\/","url":"https:\/\/www.rentboatsibiza.es\/de\/cookie-richtlinie\/","name":"Cookie-Richtlinie - Rent Boats Ibiza","isPartOf":{"@id":"https:\/\/www.rentboatsibiza.es\/de\/#website"},"datePublished":"2026-01-12T06:56:22+00:00","dateModified":"2026-01-12T06:58:47+00:00","breadcrumb":{"@id":"https:\/\/www.rentboatsibiza.es\/de\/cookie-richtlinie\/#breadcrumb"},"inLanguage":"de","potentialAction":[{"@type":"ReadAction","target":["https:\/\/www.rentboatsibiza.es\/de\/cookie-richtlinie\/"]}]},{"@type":"BreadcrumbList","@id":"https:\/\/www.rentboatsibiza.es\/de\/cookie-richtlinie\/#breadcrumb","itemListElement":[{"@type":"ListItem","position":1,"name":"Home","item":"https:\/\/www.rentboatsibiza.es\/de\/"},{"@type":"ListItem","position":2,"name":"Cookie-Richtlinie"}]},{"@type":"WebSite","@id":"https:\/\/www.rentboatsibiza.es\/de\/#website","url":"https:\/\/www.rentboatsibiza.es\/de\/","name":"Rent Boats Ibiza","description":"Best Luxury Boat &amp; Yacht Rentals","publisher":{"@id":"https:\/\/www.rentboatsibiza.es\/de\/#organization"},"potentialAction":[{"@type":"SearchAction","target":{"@type":"EntryPoint","urlTemplate":"https:\/\/www.rentboatsibiza.es\/de\/?s={search_term_string}"},"query-input":{"@type":"PropertyValueSpecification","valueRequired":true,"valueName":"search_term_string"}}],"inLanguage":"de"},{"@type":"Organization","@id":"https:\/\/www.rentboatsibiza.es\/de\/#organization","name":"Rent Boats Ibiza","url":"https:\/\/www.rentboatsibiza.es\/de\/","logo":{"@type":"ImageObject","inLanguage":"de","@id":"https:\/\/www.rentboatsibiza.es\/de\/#\/schema\/logo\/image\/","url":"https:\/\/www.rentboatsibiza.es\/wp-content\/uploads\/2025\/12\/cw-rent-boats-logo.png","contentUrl":"https:\/\/www.rentboatsibiza.es\/wp-content\/uploads\/2025\/12\/cw-rent-boats-logo.png","width":494,"height":238,"caption":"Rent Boats Ibiza"},"image":{"@id":"https:\/\/www.rentboatsibiza.es\/de\/#\/schema\/logo\/image\/"},"sameAs":["https:\/\/www.facebook.com\/rentboatsibiza","https:\/\/x.com\/rentboatsibiza","https:\/\/www.linkedin.com\/company\/rentboatsibiza","https:\/\/www.youtube.com\/@CWRentBoatsIbiza"]}]}},"_links":{"self":[{"href":"https:\/\/www.rentboatsibiza.es\/de\/wp-json\/wp\/v2\/pages\/15216","targetHints":{"allow":["GET"]}}],"collection":[{"href":"https:\/\/www.rentboatsibiza.es\/de\/wp-json\/wp\/v2\/pages"}],"about":[{"href":"https:\/\/www.rentboatsibiza.es\/de\/wp-json\/wp\/v2\/types\/page"}],"author":[{"embeddable":true,"href":"https:\/\/www.rentboatsibiza.es\/de\/wp-json\/wp\/v2\/users\/1"}],"replies":[{"embeddable":true,"href":"https:\/\/www.rentboatsibiza.es\/de\/wp-json\/wp\/v2\/comments?post=15216"}],"version-history":[{"count":1,"href":"https:\/\/www.rentboatsibiza.es\/de\/wp-json\/wp\/v2\/pages\/15216\/revisions"}],"predecessor-version":[{"id":15220,"href":"https:\/\/www.rentboatsibiza.es\/de\/wp-json\/wp\/v2\/pages\/15216\/revisions\/15220"}],"wp:attachment":[{"href":"https:\/\/www.rentboatsibiza.es\/de\/wp-json\/wp\/v2\/media?parent=15216"}],"curies":[{"name":"wp","href":"https:\/\/api.w.org\/{rel}","templated":true}]}}