{"id":14520,"date":"2025-11-19T15:48:46","date_gmt":"2025-11-19T15:48:46","guid":{"rendered":"https:\/\/www.rentboatsibiza.es\/?page_id=14520"},"modified":"2026-01-12T06:17:42","modified_gmt":"2026-01-12T06:17:42","slug":"privacy-policy","status":"publish","type":"page","link":"https:\/\/www.rentboatsibiza.es\/es\/privacy-policy\/","title":{"rendered":"Pol\u00edtica de privacidad"},"content":{"rendered":"\n<h2 class=\"wp-block-heading\">1. Qui\u00e9nes somos<\/h2>\n\n\n\n<p id=\"block-3260cec9-4396-4f8e-8661-cd36f443a274\">Esta Pol\u00edtica de privacidad se aplica al sitio web <a href=\"http:\/\/www.rentboatsibiza.es\/es\/\"><strong>www.rentboatsibiza.es<\/strong><\/a>, operado por:<\/p>\n\n\n\n<p id=\"block-0497ee66-40b3-46a0-8b9a-2bddcfc2a60a\"><strong>Empresa:<\/strong> CW Europe Group Marbella S.L.<br><strong>CIF:<\/strong> B93249878<br><strong>Direcci\u00f3n registrada:<\/strong><br>Ctra. Jes\u00fas 101, Edif. Centro<br>Planta Baja, Local 5<br>07819 Jes\u00fas, Ibiza, Espa\u00f1a<\/p>\n\n\n\n<p id=\"block-1bc46132-7861-403d-bca8-172bb5a570ad\"><strong>Propietarios\/Directores:<\/strong><br>Christian Wolf<br>Nicole Wolf<\/p>\n\n\n\n<p id=\"block-9c0fa4b3-371d-479f-abd6-391ce890cd70\"><strong>Correo electr\u00f3nico de contacto:<\/strong> rentboatsibiza@gmail.com<br><strong>Tel\u00e9fono de contacto:<\/strong> +34 692 807 756<\/p>\n\n\n\n<p id=\"block-148b0b14-cb99-40b8-a298-946fa3fe0294\">CW Europe Group S.L. es responsable del tratamiento de los datos personales de conformidad con el Reglamento (UE) 2016\/679 (RGPD) y la Ley Org\u00e1nica 3\/2018 (LOPDGDD).<\/p>\n\n\n\n<h2 class=\"wp-block-heading\" id=\"block-6e7e604e-2b6c-413a-a48e-e4a995fe97a7\">2. Qu\u00e9 datos recopilamos y por qu\u00e9<\/h2>\n\n\n\n<p id=\"block-5bf3a839-05ce-4d29-a295-25d068953d99\">Solo recopilamos los datos personales que son necesarios para prestar nuestros servicios de forma adecuada y profesional. Esto puede incluir:<\/p>\n\n\n\n<ul id=\"block-bfe949ef-2d6a-42fc-ab54-2da5ef01f294\" class=\"wp-block-list\">\n<li>Nombre y apellidos<\/li>\n\n\n\n<li>Direcci\u00f3n de correo electr\u00f3nico<\/li>\n\n\n\n<li>N\u00famero de tel\u00e9fono<\/li>\n\n\n\n<li>Informaci\u00f3n relacionada con consultas, reservas o solicitudes de servicio.<\/li>\n\n\n\n<li>Datos t\u00e9cnicos, como la direcci\u00f3n IP o el tipo de navegador, solo cuando lo permita la ley.<\/li>\n<\/ul>\n\n\n\n<p id=\"block-6bc643a0-22d9-4c85-85dd-f998b0a3c8b6\">Sus datos se tratan con las siguientes finalidades:<\/p>\n\n\n\n<ul id=\"block-16d6a29b-e203-4bf0-8d29-23772c10cee7\" class=\"wp-block-list\">\n<li>Para responder a consultas y solicitudes.<\/li>\n\n\n\n<li>Para gestionar servicios de alquiler de barcos y yates.<\/li>\n\n\n\n<li>Organizar reservas, itinerarios y atenci\u00f3n al cliente.<\/li>\n\n\n\n<li>Para comunicar informaci\u00f3n relacionada con el servicio.<\/li>\n\n\n\n<li>Para cumplir con las obligaciones legales y contractuales.<\/li>\n<\/ul>\n\n\n\n<p id=\"block-f4b23eb7-de6c-4b46-a7cb-e981c382a7ba\">No tratamos categor\u00edas especiales de datos personales.<\/p>\n\n\n\n<h2 class=\"wp-block-heading\" id=\"block-968fa966-c3f8-40dd-a832-445999bcf831\">3. Base jur\u00eddica para el tratamiento<\/h2>\n\n\n\n<p id=\"block-0680fe09-375d-4d25-9174-5a58777235f8\">Los datos personales se tratan sobre la base de uno o varios de los siguientes fundamentos jur\u00eddicos:<\/p>\n\n\n\n<ul id=\"block-26da9e4f-bb2d-411e-80e7-dd710d5c7a2f\" class=\"wp-block-list\">\n<li>Su consentimiento expl\u00edcito<\/li>\n\n\n\n<li>La ejecuci\u00f3n de un contrato o las medidas precontractuales<\/li>\n\n\n\n<li>Cumplimiento de las obligaciones legales<\/li>\n\n\n\n<li>Inter\u00e9s comercial leg\u00edtimo relacionado con el servicio al cliente y las operaciones.<\/li>\n<\/ul>\n\n\n\n<p id=\"block-58b5cbe5-d7eb-4110-93c4-acf02898146c\">Puede retirar su consentimiento en cualquier momento.<\/p>\n\n\n\n<h2 class=\"wp-block-heading\" id=\"block-a6672966-7f0a-47a0-8d74-5bcce2a4e3d4\">4. Cu\u00e1nto tiempo conservamos sus datos<\/h2>\n\n\n\n<p id=\"block-eb1e2840-4852-4733-93ef-22c7a0a32208\">Los datos personales se conservan solo durante el tiempo necesario para cumplir con la finalidad para la que fueron recopilados y para cumplir con los requisitos legales aplicables. Una vez que ya no son necesarios, los datos se eliminan de forma segura o se anonimizan.<\/p>\n\n\n\n<h2 class=\"wp-block-heading\" id=\"block-1baeff89-fc22-40f7-a727-0a83b51aefcc\">5. Intercambio y transferencia de datos<\/h2>\n\n\n\n<p id=\"block-00dca813-1f68-4f95-8280-89bf7433e9a6\">Sus datos no se vender\u00e1n ni se compartir\u00e1n con terceros, salvo que sea necesario para prestar el servicio solicitado o para cumplir con obligaciones legales. Esto puede incluir la colaboraci\u00f3n con socios profesionales, como patrones, proveedores de servicios, asesores jur\u00eddicos o autoridades, cuando sea necesario.<\/p>\n\n\n\n<p id=\"block-26787d18-6651-456d-b7b2-d30c59310d9f\">No se realizan transferencias internacionales de datos a menos que sea legalmente necesario y est\u00e9n protegidas por las garant\u00edas adecuadas.<\/p>\n\n\n\n<h2 class=\"wp-block-heading\" id=\"block-cd1c7c6b-f5c0-4611-bbc5-fd40ebc6065d\">6. Sus derechos<\/h2>\n\n\n\n<p id=\"block-24184498-52b9-4324-b8cd-2f60be2eceac\">Tienes derecho a:<\/p>\n\n\n\n<ul id=\"block-5ea1dc74-6596-4845-a9eb-ab390b33a9c7\" class=\"wp-block-list\">\n<li>Acceda a sus datos personales<\/li>\n\n\n\n<li>Solicitar la correcci\u00f3n de datos inexactos<\/li>\n\n\n\n<li>Solicitar la eliminaci\u00f3n de sus datos<\/li>\n\n\n\n<li>Solicitar restricci\u00f3n del tratamiento<\/li>\n\n\n\n<li>Oponerse al tratamiento de datos<\/li>\n\n\n\n<li>Solicitar la portabilidad de datos<\/li>\n\n\n\n<li>Retirar el consentimiento en cualquier momento<\/li>\n<\/ul>\n\n\n\n<p id=\"block-6c2a6471-11fc-4696-8592-10a12917153a\">Para ejercer sus derechos, p\u00f3ngase en contacto con:<br>\ud83d\udce7 <strong>rentboatsibiza@gmail.com<\/strong><\/p>\n\n\n\n<p id=\"block-290fae6d-65d2-41e2-993b-efb699b277a6\">Tambi\u00e9n tiene derecho a presentar una reclamaci\u00f3n ante la <strong>Agencia Espa\u00f1ola de Protecci\u00f3n de Datos (AEPD)<\/strong> en www.aepd.es.<\/p>\n\n\n\n<h2 class=\"wp-block-heading\" id=\"block-9bd2c038-3d89-4a77-94d2-a26b0a840d2f\">7. Seguridad de los datos<\/h2>\n\n\n\n<p id=\"block-4a3c2bd7-33f2-4543-817b-d310c9ae14e6\">Aplicamos las medidas t\u00e9cnicas y organizativas adecuadas para proteger los datos personales contra el acceso no autorizado, la p\u00e9rdida, el uso indebido o la alteraci\u00f3n, garantizando la confidencialidad y la integridad en todo momento.<\/p>\n\n\n\n<h2 class=\"wp-block-heading\" id=\"block-961185da-f7ff-4329-a891-6aed2aabcdaf\">8. Enlaces de terceros<\/h2>\n\n\n\n<p id=\"block-f08364e1-0232-44cf-95ff-e631f9588ba7\">Este sitio web puede contener enlaces a sitios web externos. CW Europe Marbella Group S.L. no se hace responsable de las pr\u00e1cticas de privacidad ni del contenido de los sitios de terceros. Recomendamos revisar sus respectivas pol\u00edticas de privacidad.<\/p>\n\n\n\n<h2 class=\"wp-block-heading\" id=\"block-b009da22-30e9-4bb8-9de8-8edb78ffab76\">9. Cambios en esta Pol\u00edtica de privacidad<\/h2>\n\n\n\n<p id=\"block-85e7df8a-58da-4b32-acf6-f565b38938bd\">Esta Pol\u00edtica de privacidad puede actualizarse peri\u00f3dicamente para reflejar cambios legales, t\u00e9cnicos u operativos. La \u00faltima versi\u00f3n estar\u00e1 siempre disponible en este sitio web.<\/p>\n\n\n\n<h2 class=\"wp-block-heading\" id=\"block-c4afa23d-38d3-41f0-b745-ac516824301a\">10. Contacto<\/h2>\n\n\n\n<p>Si tiene alguna pregunta sobre esta Pol\u00edtica de privacidad o sobre c\u00f3mo se tratan sus datos, p\u00f3ngase en contacto con nosotros:<strong>CW Europe Group Marbella S.L.<\/strong><br>\ud83d\udce7 rentboatsibiza@gmail.com<br>\ud83d\udcde +34 692 807 756<\/p>\n","protected":false},"excerpt":{"rendered":"<p>1. Qui\u00e9nes somos Esta Pol\u00edtica de privacidad se aplica al sitio web www.rentboatsibiza.es, operado por: Empresa: CW Europe Group Marbella S.L.CIF: B93249878Direcci\u00f3n registrada:Ctra. Jes\u00fas 101, Edif. CentroPlanta Baja, Local 507819 Jes\u00fas, Ibiza, Espa\u00f1a Propietarios\/Directores:Christian WolfNicole Wolf Correo electr\u00f3nico de contacto: rentboatsibiza@gmail.comTel\u00e9fono de contacto: +34 692 807 756 CW Europe Group S.L. es responsable del tratamiento [&hellip;]<\/p>\n","protected":false},"author":1,"featured_media":0,"parent":0,"menu_order":0,"comment_status":"closed","ping_status":"open","template":"","meta":{"inline_featured_image":false,"footnotes":""},"class_list":["post-14520","page","type-page","status-publish","hentry"],"yoast_head":"<!-- This site is optimized with the Yoast SEO plugin v27.4 - https:\/\/yoast.com\/product\/yoast-seo-wordpress\/ -->\n<title>Pol\u00edtica de privacidad - Rent Boats Ibiza<\/title>\n<meta name=\"robots\" content=\"index, follow, max-snippet:-1, max-image-preview:large, max-video-preview:-1\" \/>\n<link rel=\"canonical\" href=\"https:\/\/www.rentboatsibiza.es\/es\/privacy-policy\/\" \/>\n<meta property=\"og:locale\" content=\"es_ES\" \/>\n<meta property=\"og:type\" content=\"article\" \/>\n<meta property=\"og:title\" content=\"Pol\u00edtica de privacidad - Rent Boats Ibiza\" \/>\n<meta property=\"og:description\" content=\"1. Qui\u00e9nes somos Esta Pol\u00edtica de privacidad se aplica al sitio web www.rentboatsibiza.es, operado por: Empresa: CW Europe Group Marbella S.L.CIF: B93249878Direcci\u00f3n registrada:Ctra. Jes\u00fas 101, Edif. CentroPlanta Baja, Local 507819 Jes\u00fas, Ibiza, Espa\u00f1a Propietarios\/Directores:Christian WolfNicole Wolf Correo electr\u00f3nico de contacto: rentboatsibiza@gmail.comTel\u00e9fono de contacto: +34 692 807 756 CW Europe Group S.L. es responsable del tratamiento [&hellip;]\" \/>\n<meta property=\"og:url\" content=\"https:\/\/www.rentboatsibiza.es\/es\/privacy-policy\/\" \/>\n<meta property=\"og:site_name\" content=\"Rent Boats Ibiza\" \/>\n<meta property=\"article:publisher\" content=\"https:\/\/www.facebook.com\/rentboatsibiza\" \/>\n<meta property=\"article:modified_time\" content=\"2026-01-12T06:17:42+00:00\" \/>\n<meta name=\"twitter:card\" content=\"summary_large_image\" \/>\n<meta name=\"twitter:site\" content=\"@rentboatsibiza\" \/>\n<meta name=\"twitter:label1\" content=\"Tiempo de lectura\" \/>\n\t<meta name=\"twitter:data1\" content=\"3 minutos\" \/>\n<script type=\"application\/ld+json\" class=\"yoast-schema-graph\">{\"@context\":\"https:\\\/\\\/schema.org\",\"@graph\":[{\"@type\":\"WebPage\",\"@id\":\"https:\\\/\\\/www.rentboatsibiza.es\\\/es\\\/privacy-policy\\\/\",\"url\":\"https:\\\/\\\/www.rentboatsibiza.es\\\/es\\\/privacy-policy\\\/\",\"name\":\"Pol\u00edtica de privacidad - Rent Boats Ibiza\",\"isPartOf\":{\"@id\":\"https:\\\/\\\/www.rentboatsibiza.es\\\/es\\\/#website\"},\"datePublished\":\"2025-11-19T15:48:46+00:00\",\"dateModified\":\"2026-01-12T06:17:42+00:00\",\"breadcrumb\":{\"@id\":\"https:\\\/\\\/www.rentboatsibiza.es\\\/es\\\/privacy-policy\\\/#breadcrumb\"},\"inLanguage\":\"es\",\"potentialAction\":[{\"@type\":\"ReadAction\",\"target\":[\"https:\\\/\\\/www.rentboatsibiza.es\\\/es\\\/privacy-policy\\\/\"]}]},{\"@type\":\"BreadcrumbList\",\"@id\":\"https:\\\/\\\/www.rentboatsibiza.es\\\/es\\\/privacy-policy\\\/#breadcrumb\",\"itemListElement\":[{\"@type\":\"ListItem\",\"position\":1,\"name\":\"Home\",\"item\":\"https:\\\/\\\/www.rentboatsibiza.es\\\/es\\\/\"},{\"@type\":\"ListItem\",\"position\":2,\"name\":\"Pol\u00edtica de privacidad\"}]},{\"@type\":\"WebSite\",\"@id\":\"https:\\\/\\\/www.rentboatsibiza.es\\\/es\\\/#website\",\"url\":\"https:\\\/\\\/www.rentboatsibiza.es\\\/es\\\/\",\"name\":\"Rent Boats Ibiza\",\"description\":\"Best Luxury Boat &amp; Yacht Rentals\",\"publisher\":{\"@id\":\"https:\\\/\\\/www.rentboatsibiza.es\\\/es\\\/#organization\"},\"potentialAction\":[{\"@type\":\"SearchAction\",\"target\":{\"@type\":\"EntryPoint\",\"urlTemplate\":\"https:\\\/\\\/www.rentboatsibiza.es\\\/es\\\/?s={search_term_string}\"},\"query-input\":{\"@type\":\"PropertyValueSpecification\",\"valueRequired\":true,\"valueName\":\"search_term_string\"}}],\"inLanguage\":\"es\"},{\"@type\":\"Organization\",\"@id\":\"https:\\\/\\\/www.rentboatsibiza.es\\\/es\\\/#organization\",\"name\":\"Rent Boats Ibiza\",\"url\":\"https:\\\/\\\/www.rentboatsibiza.es\\\/es\\\/\",\"logo\":{\"@type\":\"ImageObject\",\"inLanguage\":\"es\",\"@id\":\"https:\\\/\\\/www.rentboatsibiza.es\\\/es\\\/#\\\/schema\\\/logo\\\/image\\\/\",\"url\":\"https:\\\/\\\/www.rentboatsibiza.es\\\/wp-content\\\/uploads\\\/2025\\\/12\\\/cw-rent-boats-logo.png\",\"contentUrl\":\"https:\\\/\\\/www.rentboatsibiza.es\\\/wp-content\\\/uploads\\\/2025\\\/12\\\/cw-rent-boats-logo.png\",\"width\":494,\"height\":238,\"caption\":\"Rent Boats Ibiza\"},\"image\":{\"@id\":\"https:\\\/\\\/www.rentboatsibiza.es\\\/es\\\/#\\\/schema\\\/logo\\\/image\\\/\"},\"sameAs\":[\"https:\\\/\\\/www.facebook.com\\\/rentboatsibiza\",\"https:\\\/\\\/x.com\\\/rentboatsibiza\",\"https:\\\/\\\/www.linkedin.com\\\/company\\\/rentboatsibiza\",\"https:\\\/\\\/www.youtube.com\\\/@CWRentBoatsIbiza\"]}]}<\/script>\n<!-- \/ Yoast SEO plugin. -->","yoast_head_json":{"title":"Pol\u00edtica de privacidad - Rent Boats Ibiza","robots":{"index":"index","follow":"follow","max-snippet":"max-snippet:-1","max-image-preview":"max-image-preview:large","max-video-preview":"max-video-preview:-1"},"canonical":"https:\/\/www.rentboatsibiza.es\/es\/privacy-policy\/","og_locale":"es_ES","og_type":"article","og_title":"Pol\u00edtica de privacidad - Rent Boats Ibiza","og_description":"1. Qui\u00e9nes somos Esta Pol\u00edtica de privacidad se aplica al sitio web www.rentboatsibiza.es, operado por: Empresa: CW Europe Group Marbella S.L.CIF: B93249878Direcci\u00f3n registrada:Ctra. Jes\u00fas 101, Edif. CentroPlanta Baja, Local 507819 Jes\u00fas, Ibiza, Espa\u00f1a Propietarios\/Directores:Christian WolfNicole Wolf Correo electr\u00f3nico de contacto: rentboatsibiza@gmail.comTel\u00e9fono de contacto: +34 692 807 756 CW Europe Group S.L. es responsable del tratamiento [&hellip;]","og_url":"https:\/\/www.rentboatsibiza.es\/es\/privacy-policy\/","og_site_name":"Rent Boats Ibiza","article_publisher":"https:\/\/www.facebook.com\/rentboatsibiza","article_modified_time":"2026-01-12T06:17:42+00:00","twitter_card":"summary_large_image","twitter_site":"@rentboatsibiza","twitter_misc":{"Tiempo de lectura":"3 minutos"},"schema":{"@context":"https:\/\/schema.org","@graph":[{"@type":"WebPage","@id":"https:\/\/www.rentboatsibiza.es\/es\/privacy-policy\/","url":"https:\/\/www.rentboatsibiza.es\/es\/privacy-policy\/","name":"Pol\u00edtica de privacidad - Rent Boats Ibiza","isPartOf":{"@id":"https:\/\/www.rentboatsibiza.es\/es\/#website"},"datePublished":"2025-11-19T15:48:46+00:00","dateModified":"2026-01-12T06:17:42+00:00","breadcrumb":{"@id":"https:\/\/www.rentboatsibiza.es\/es\/privacy-policy\/#breadcrumb"},"inLanguage":"es","potentialAction":[{"@type":"ReadAction","target":["https:\/\/www.rentboatsibiza.es\/es\/privacy-policy\/"]}]},{"@type":"BreadcrumbList","@id":"https:\/\/www.rentboatsibiza.es\/es\/privacy-policy\/#breadcrumb","itemListElement":[{"@type":"ListItem","position":1,"name":"Home","item":"https:\/\/www.rentboatsibiza.es\/es\/"},{"@type":"ListItem","position":2,"name":"Pol\u00edtica de privacidad"}]},{"@type":"WebSite","@id":"https:\/\/www.rentboatsibiza.es\/es\/#website","url":"https:\/\/www.rentboatsibiza.es\/es\/","name":"Rent Boats Ibiza","description":"Best Luxury Boat &amp; Yacht Rentals","publisher":{"@id":"https:\/\/www.rentboatsibiza.es\/es\/#organization"},"potentialAction":[{"@type":"SearchAction","target":{"@type":"EntryPoint","urlTemplate":"https:\/\/www.rentboatsibiza.es\/es\/?s={search_term_string}"},"query-input":{"@type":"PropertyValueSpecification","valueRequired":true,"valueName":"search_term_string"}}],"inLanguage":"es"},{"@type":"Organization","@id":"https:\/\/www.rentboatsibiza.es\/es\/#organization","name":"Rent Boats Ibiza","url":"https:\/\/www.rentboatsibiza.es\/es\/","logo":{"@type":"ImageObject","inLanguage":"es","@id":"https:\/\/www.rentboatsibiza.es\/es\/#\/schema\/logo\/image\/","url":"https:\/\/www.rentboatsibiza.es\/wp-content\/uploads\/2025\/12\/cw-rent-boats-logo.png","contentUrl":"https:\/\/www.rentboatsibiza.es\/wp-content\/uploads\/2025\/12\/cw-rent-boats-logo.png","width":494,"height":238,"caption":"Rent Boats Ibiza"},"image":{"@id":"https:\/\/www.rentboatsibiza.es\/es\/#\/schema\/logo\/image\/"},"sameAs":["https:\/\/www.facebook.com\/rentboatsibiza","https:\/\/x.com\/rentboatsibiza","https:\/\/www.linkedin.com\/company\/rentboatsibiza","https:\/\/www.youtube.com\/@CWRentBoatsIbiza"]}]}},"_links":{"self":[{"href":"https:\/\/www.rentboatsibiza.es\/es\/wp-json\/wp\/v2\/pages\/14520","targetHints":{"allow":["GET"]}}],"collection":[{"href":"https:\/\/www.rentboatsibiza.es\/es\/wp-json\/wp\/v2\/pages"}],"about":[{"href":"https:\/\/www.rentboatsibiza.es\/es\/wp-json\/wp\/v2\/types\/page"}],"author":[{"embeddable":true,"href":"https:\/\/www.rentboatsibiza.es\/es\/wp-json\/wp\/v2\/users\/1"}],"replies":[{"embeddable":true,"href":"https:\/\/www.rentboatsibiza.es\/es\/wp-json\/wp\/v2\/comments?post=14520"}],"version-history":[{"count":3,"href":"https:\/\/www.rentboatsibiza.es\/es\/wp-json\/wp\/v2\/pages\/14520\/revisions"}],"predecessor-version":[{"id":15163,"href":"https:\/\/www.rentboatsibiza.es\/es\/wp-json\/wp\/v2\/pages\/14520\/revisions\/15163"}],"wp:attachment":[{"href":"https:\/\/www.rentboatsibiza.es\/es\/wp-json\/wp\/v2\/media?parent=14520"}],"curies":[{"name":"wp","href":"https:\/\/api.w.org\/{rel}","templated":true}]}}