{"id":15141,"date":"2026-01-12T04:14:17","date_gmt":"2026-01-12T04:14:17","guid":{"rendered":"https:\/\/www.rentboatsibiza.es\/imprint\/"},"modified":"2026-01-12T22:27:13","modified_gmt":"2026-01-12T22:27:13","slug":"aviso-legal","status":"publish","type":"page","link":"https:\/\/www.rentboatsibiza.es\/es\/aviso-legal\/","title":{"rendered":"Aviso legal"},"content":{"rendered":"\n<p><strong>Informaci\u00f3n conforme a la normativa europea y espa\u00f1ola aplicable<\/strong><\/p>\n\n\n\n<h2 class=\"wp-block-heading\" id=\"block-f8f2a198-4f06-4cf8-ad00-6a08946f04f6\">Detalles de la empresa<\/h2>\n\n\n\n<p id=\"block-c61c7d4e-34ae-48ba-b613-b91a03b44849\"><strong>Nombre de la empresa:<\/strong><br>CW Europe Group Marbella S.L.<\/p>\n\n\n\n<p id=\"block-9494fc6e-5ba4-43eb-93e4-fd82b875534c\"><strong>Direcci\u00f3n comercial:<\/strong><br>Ctra. Jes\u00fas 101<br>Edif. Centro, Planta baja, Local 5<br>07819 Jes\u00fas, Ibiza<br>Espa\u00f1a<\/p>\n\n\n\n<p id=\"block-5a138ba3-c715-451a-9ab5-77d1b15b2636\"><strong>Legal form:<\/strong><br>Private Limited Company (Sociedad Limitada \u2013 S.L.)<\/p>\n\n\n\n<p id=\"block-a6fb11cb-ddc0-433b-9c9a-94cf89ea84d1\"><strong>Directores generales:<\/strong><br>Christian Wolf<br>Nicole Wolf<\/p>\n\n\n\n<h3 class=\"wp-block-heading\" id=\"block-a49d616c-ffcb-4893-a5b9-94eb856603e1\">Informaci\u00f3n de contacto<\/h3>\n\n\n\n<p id=\"block-d179042e-3cc4-41c7-92ff-a39b42196e30\"><strong>Tel\u00e9fono:<\/strong><br>+34 692 807 756<\/p>\n\n\n\n<p id=\"block-c4aa04ec-6ed1-4bf4-b073-511749e101bd\"><strong>Correo electr\u00f3nico:<\/strong> rentboatsibiza@gmail.com<\/p>\n\n\n\n<p id=\"block-2859fa83-05db-4adb-896d-0bfce652a231\">Sitio web: www.rentboatsibiza.es<\/p>\n\n\n\n<h3 class=\"wp-block-heading\" id=\"block-2f36c55a-2cc7-4b2c-aa68-66f57eab7f91\">Registro de empresas<\/h3>\n\n\n\n<p id=\"block-9a472bdb-aae1-4506-85a3-dd43e642e214\"><strong>Inscrita en:<\/strong><br>Registro Mercantil Espa\u00f1ol<\/p>\n\n\n\n<p id=\"block-d957d5f6-3f35-4603-8653-6df86b488d6a\"><strong>N\u00famero de identificaci\u00f3n fiscal (CIF):<\/strong> B93249878<\/p>\n\n\n\n<p id=\"block-47aaf55f-bc97-42c7-8542-edae5d996f0c\"><strong>Responsable del contenido<\/strong><\/p>\n\n\n\n<p id=\"block-19fd4fce-f97c-4062-9fc9-f574754f6d19\">Responsable del contenido de este sitio web de conformidad con la legislaci\u00f3n aplicable:<\/p>\n\n\n\n<p id=\"block-896e66ee-09b9-4a00-8ce9-b9c570129f00\"><strong>Christian Wolf<\/strong><br>CW Europe Group Marbella S.L.<br>Ctra. Jes\u00fas 101<br>07819 Jes\u00fas, Ibiza<br>Espa\u00f1a<\/p>\n\n\n\n<h3 class=\"wp-block-heading\" id=\"block-e5a2e077-a318-4e11-95fd-cebec3a2e214\">Descargo de responsabilidad<\/h3>\n\n\n\n<p>El contenido de este sitio web ha sido creado con el m\u00e1ximo cuidado. Sin embargo, no se puede garantizar la exactitud, integridad o actualidad de la informaci\u00f3n proporcionada.<\/p>\n","protected":false},"excerpt":{"rendered":"<p>Informaci\u00f3n conforme a la normativa europea y espa\u00f1ola aplicable Detalles de la empresa Nombre de la empresa:CW Europe Group Marbella S.L. Direcci\u00f3n comercial:Ctra. Jes\u00fas 101Edif. Centro, Planta baja, Local 507819 Jes\u00fas, IbizaEspa\u00f1a Legal form:Private Limited Company (Sociedad Limitada \u2013 S.L.) Directores generales:Christian WolfNicole Wolf Informaci\u00f3n de contacto Tel\u00e9fono:+34 692 807 756 Correo electr\u00f3nico: rentboatsibiza@gmail.com Sitio [&hellip;]<\/p>\n","protected":false},"author":1,"featured_media":0,"parent":0,"menu_order":0,"comment_status":"closed","ping_status":"closed","template":"","meta":{"inline_featured_image":false,"footnotes":""},"class_list":["post-15141","page","type-page","status-publish","hentry"],"yoast_head":"<!-- This site is optimized with the Yoast SEO plugin v27.4 - https:\/\/yoast.com\/product\/yoast-seo-wordpress\/ -->\n<title>Aviso legal - Rent Boats Ibiza<\/title>\n<meta name=\"robots\" content=\"index, follow, max-snippet:-1, max-image-preview:large, max-video-preview:-1\" \/>\n<link rel=\"canonical\" href=\"https:\/\/www.rentboatsibiza.es\/es\/aviso-legal\/\" \/>\n<meta property=\"og:locale\" content=\"es_ES\" \/>\n<meta property=\"og:type\" content=\"article\" \/>\n<meta property=\"og:title\" content=\"Aviso legal - Rent Boats Ibiza\" \/>\n<meta property=\"og:description\" content=\"Informaci\u00f3n conforme a la normativa europea y espa\u00f1ola aplicable Detalles de la empresa Nombre de la empresa:CW Europe Group Marbella S.L. Direcci\u00f3n comercial:Ctra. Jes\u00fas 101Edif. Centro, Planta baja, Local 507819 Jes\u00fas, IbizaEspa\u00f1a Legal form:Private Limited Company (Sociedad Limitada \u2013 S.L.) Directores generales:Christian WolfNicole Wolf Informaci\u00f3n de contacto Tel\u00e9fono:+34 692 807 756 Correo electr\u00f3nico: rentboatsibiza@gmail.com Sitio [&hellip;]\" \/>\n<meta property=\"og:url\" content=\"https:\/\/www.rentboatsibiza.es\/es\/aviso-legal\/\" \/>\n<meta property=\"og:site_name\" content=\"Rent Boats Ibiza\" \/>\n<meta property=\"article:publisher\" content=\"https:\/\/www.facebook.com\/rentboatsibiza\" \/>\n<meta property=\"article:modified_time\" content=\"2026-01-12T22:27:13+00:00\" \/>\n<meta name=\"twitter:card\" content=\"summary_large_image\" \/>\n<meta name=\"twitter:site\" content=\"@rentboatsibiza\" \/>\n<meta name=\"twitter:label1\" content=\"Tiempo de lectura\" \/>\n\t<meta name=\"twitter:data1\" content=\"1 minuto\" \/>\n<script type=\"application\/ld+json\" class=\"yoast-schema-graph\">{\"@context\":\"https:\\\/\\\/schema.org\",\"@graph\":[{\"@type\":\"WebPage\",\"@id\":\"https:\\\/\\\/www.rentboatsibiza.es\\\/es\\\/aviso-legal\\\/\",\"url\":\"https:\\\/\\\/www.rentboatsibiza.es\\\/es\\\/aviso-legal\\\/\",\"name\":\"Aviso legal - Rent Boats Ibiza\",\"isPartOf\":{\"@id\":\"https:\\\/\\\/www.rentboatsibiza.es\\\/es\\\/#website\"},\"datePublished\":\"2026-01-12T04:14:17+00:00\",\"dateModified\":\"2026-01-12T22:27:13+00:00\",\"breadcrumb\":{\"@id\":\"https:\\\/\\\/www.rentboatsibiza.es\\\/es\\\/aviso-legal\\\/#breadcrumb\"},\"inLanguage\":\"es\",\"potentialAction\":[{\"@type\":\"ReadAction\",\"target\":[\"https:\\\/\\\/www.rentboatsibiza.es\\\/es\\\/aviso-legal\\\/\"]}]},{\"@type\":\"BreadcrumbList\",\"@id\":\"https:\\\/\\\/www.rentboatsibiza.es\\\/es\\\/aviso-legal\\\/#breadcrumb\",\"itemListElement\":[{\"@type\":\"ListItem\",\"position\":1,\"name\":\"Home\",\"item\":\"https:\\\/\\\/www.rentboatsibiza.es\\\/es\\\/\"},{\"@type\":\"ListItem\",\"position\":2,\"name\":\"Aviso legal\"}]},{\"@type\":\"WebSite\",\"@id\":\"https:\\\/\\\/www.rentboatsibiza.es\\\/es\\\/#website\",\"url\":\"https:\\\/\\\/www.rentboatsibiza.es\\\/es\\\/\",\"name\":\"Rent Boats Ibiza\",\"description\":\"Best Luxury Boat &amp; Yacht Rentals\",\"publisher\":{\"@id\":\"https:\\\/\\\/www.rentboatsibiza.es\\\/es\\\/#organization\"},\"potentialAction\":[{\"@type\":\"SearchAction\",\"target\":{\"@type\":\"EntryPoint\",\"urlTemplate\":\"https:\\\/\\\/www.rentboatsibiza.es\\\/es\\\/?s={search_term_string}\"},\"query-input\":{\"@type\":\"PropertyValueSpecification\",\"valueRequired\":true,\"valueName\":\"search_term_string\"}}],\"inLanguage\":\"es\"},{\"@type\":\"Organization\",\"@id\":\"https:\\\/\\\/www.rentboatsibiza.es\\\/es\\\/#organization\",\"name\":\"Rent Boats Ibiza\",\"url\":\"https:\\\/\\\/www.rentboatsibiza.es\\\/es\\\/\",\"logo\":{\"@type\":\"ImageObject\",\"inLanguage\":\"es\",\"@id\":\"https:\\\/\\\/www.rentboatsibiza.es\\\/es\\\/#\\\/schema\\\/logo\\\/image\\\/\",\"url\":\"https:\\\/\\\/www.rentboatsibiza.es\\\/wp-content\\\/uploads\\\/2025\\\/12\\\/cw-rent-boats-logo.png\",\"contentUrl\":\"https:\\\/\\\/www.rentboatsibiza.es\\\/wp-content\\\/uploads\\\/2025\\\/12\\\/cw-rent-boats-logo.png\",\"width\":494,\"height\":238,\"caption\":\"Rent Boats Ibiza\"},\"image\":{\"@id\":\"https:\\\/\\\/www.rentboatsibiza.es\\\/es\\\/#\\\/schema\\\/logo\\\/image\\\/\"},\"sameAs\":[\"https:\\\/\\\/www.facebook.com\\\/rentboatsibiza\",\"https:\\\/\\\/x.com\\\/rentboatsibiza\",\"https:\\\/\\\/www.linkedin.com\\\/company\\\/rentboatsibiza\",\"https:\\\/\\\/www.youtube.com\\\/@CWRentBoatsIbiza\"]}]}<\/script>\n<!-- \/ Yoast SEO plugin. -->","yoast_head_json":{"title":"Aviso legal - Rent Boats Ibiza","robots":{"index":"index","follow":"follow","max-snippet":"max-snippet:-1","max-image-preview":"max-image-preview:large","max-video-preview":"max-video-preview:-1"},"canonical":"https:\/\/www.rentboatsibiza.es\/es\/aviso-legal\/","og_locale":"es_ES","og_type":"article","og_title":"Aviso legal - Rent Boats Ibiza","og_description":"Informaci\u00f3n conforme a la normativa europea y espa\u00f1ola aplicable Detalles de la empresa Nombre de la empresa:CW Europe Group Marbella S.L. Direcci\u00f3n comercial:Ctra. Jes\u00fas 101Edif. Centro, Planta baja, Local 507819 Jes\u00fas, IbizaEspa\u00f1a Legal form:Private Limited Company (Sociedad Limitada \u2013 S.L.) Directores generales:Christian WolfNicole Wolf Informaci\u00f3n de contacto Tel\u00e9fono:+34 692 807 756 Correo electr\u00f3nico: rentboatsibiza@gmail.com Sitio [&hellip;]","og_url":"https:\/\/www.rentboatsibiza.es\/es\/aviso-legal\/","og_site_name":"Rent Boats Ibiza","article_publisher":"https:\/\/www.facebook.com\/rentboatsibiza","article_modified_time":"2026-01-12T22:27:13+00:00","twitter_card":"summary_large_image","twitter_site":"@rentboatsibiza","twitter_misc":{"Tiempo de lectura":"1 minuto"},"schema":{"@context":"https:\/\/schema.org","@graph":[{"@type":"WebPage","@id":"https:\/\/www.rentboatsibiza.es\/es\/aviso-legal\/","url":"https:\/\/www.rentboatsibiza.es\/es\/aviso-legal\/","name":"Aviso legal - Rent Boats Ibiza","isPartOf":{"@id":"https:\/\/www.rentboatsibiza.es\/es\/#website"},"datePublished":"2026-01-12T04:14:17+00:00","dateModified":"2026-01-12T22:27:13+00:00","breadcrumb":{"@id":"https:\/\/www.rentboatsibiza.es\/es\/aviso-legal\/#breadcrumb"},"inLanguage":"es","potentialAction":[{"@type":"ReadAction","target":["https:\/\/www.rentboatsibiza.es\/es\/aviso-legal\/"]}]},{"@type":"BreadcrumbList","@id":"https:\/\/www.rentboatsibiza.es\/es\/aviso-legal\/#breadcrumb","itemListElement":[{"@type":"ListItem","position":1,"name":"Home","item":"https:\/\/www.rentboatsibiza.es\/es\/"},{"@type":"ListItem","position":2,"name":"Aviso legal"}]},{"@type":"WebSite","@id":"https:\/\/www.rentboatsibiza.es\/es\/#website","url":"https:\/\/www.rentboatsibiza.es\/es\/","name":"Rent Boats Ibiza","description":"Best Luxury Boat &amp; Yacht Rentals","publisher":{"@id":"https:\/\/www.rentboatsibiza.es\/es\/#organization"},"potentialAction":[{"@type":"SearchAction","target":{"@type":"EntryPoint","urlTemplate":"https:\/\/www.rentboatsibiza.es\/es\/?s={search_term_string}"},"query-input":{"@type":"PropertyValueSpecification","valueRequired":true,"valueName":"search_term_string"}}],"inLanguage":"es"},{"@type":"Organization","@id":"https:\/\/www.rentboatsibiza.es\/es\/#organization","name":"Rent Boats Ibiza","url":"https:\/\/www.rentboatsibiza.es\/es\/","logo":{"@type":"ImageObject","inLanguage":"es","@id":"https:\/\/www.rentboatsibiza.es\/es\/#\/schema\/logo\/image\/","url":"https:\/\/www.rentboatsibiza.es\/wp-content\/uploads\/2025\/12\/cw-rent-boats-logo.png","contentUrl":"https:\/\/www.rentboatsibiza.es\/wp-content\/uploads\/2025\/12\/cw-rent-boats-logo.png","width":494,"height":238,"caption":"Rent Boats Ibiza"},"image":{"@id":"https:\/\/www.rentboatsibiza.es\/es\/#\/schema\/logo\/image\/"},"sameAs":["https:\/\/www.facebook.com\/rentboatsibiza","https:\/\/x.com\/rentboatsibiza","https:\/\/www.linkedin.com\/company\/rentboatsibiza","https:\/\/www.youtube.com\/@CWRentBoatsIbiza"]}]}},"_links":{"self":[{"href":"https:\/\/www.rentboatsibiza.es\/es\/wp-json\/wp\/v2\/pages\/15141","targetHints":{"allow":["GET"]}}],"collection":[{"href":"https:\/\/www.rentboatsibiza.es\/es\/wp-json\/wp\/v2\/pages"}],"about":[{"href":"https:\/\/www.rentboatsibiza.es\/es\/wp-json\/wp\/v2\/types\/page"}],"author":[{"embeddable":true,"href":"https:\/\/www.rentboatsibiza.es\/es\/wp-json\/wp\/v2\/users\/1"}],"replies":[{"embeddable":true,"href":"https:\/\/www.rentboatsibiza.es\/es\/wp-json\/wp\/v2\/comments?post=15141"}],"version-history":[{"count":3,"href":"https:\/\/www.rentboatsibiza.es\/es\/wp-json\/wp\/v2\/pages\/15141\/revisions"}],"predecessor-version":[{"id":15252,"href":"https:\/\/www.rentboatsibiza.es\/es\/wp-json\/wp\/v2\/pages\/15141\/revisions\/15252"}],"wp:attachment":[{"href":"https:\/\/www.rentboatsibiza.es\/es\/wp-json\/wp\/v2\/media?parent=15141"}],"curies":[{"name":"wp","href":"https:\/\/api.w.org\/{rel}","templated":true}]}}