{"id":14518,"date":"2025-11-19T15:48:46","date_gmt":"2025-11-19T15:48:46","guid":{"rendered":"https:\/\/www.rentboatsibiza.es\/?page_id=14518"},"modified":"2026-01-12T05:45:59","modified_gmt":"2026-01-12T05:45:59","slug":"politique-de-confidentialite","status":"publish","type":"page","link":"https:\/\/www.rentboatsibiza.es\/fr\/politique-de-confidentialite\/","title":{"rendered":"Politique de confidentialit\u00e9"},"content":{"rendered":"\n<h2 class=\"wp-block-heading\">1Qui sommes-nous ?<\/h2>\n\n\n\n<p id=\"block-2f26c680-af00-4ef0-b0c7-1df1fb5a8ab5\">La pr\u00e9sente politique de confidentialit\u00e9 s&rsquo;applique au site web <a href=\"http:\/\/www.rentboatsibiza.es\/fr\/\"><strong>www.rentboatsibiza.es<\/strong><\/a>, exploit\u00e9 par :<\/p>\n\n\n\n<p id=\"block-d37e01d5-78be-4ef4-b5ab-30408e144797\"><strong>Soci\u00e9t\u00e9 :<\/strong> CW Europe Group Marbella S.L.<br><strong>CIF :<\/strong> B93249878<br><strong>Adresse enregistr\u00e9e :<\/strong><br>Ctra. Jes\u00fas 101, Edif. Centro<br>Planta Baja, Local 5<br>07819 Jes\u00fas, Ibiza, Espagne<\/p>\n\n\n\n<p id=\"block-7c6c9306-ba66-4ab2-ac11-17ac1a61d138\"><strong>Propri\u00e9taires \/ Directeurs :<\/strong><br>Christian Wolf<br>Nicole Wolf<\/p>\n\n\n\n<p id=\"block-5960da6b-1679-4f9e-9306-15f75290eadd\"><strong>E-mail de contact :<\/strong> rentboatsibiza@gmail.com<br><strong>Num\u00e9ro de t\u00e9l\u00e9phone :<\/strong> +34 692 807 756<\/p>\n\n\n\n<p id=\"block-610be317-f8e8-4bf7-b0b4-6d611638ae3e\">CW Europe Group S.L. est responsable du traitement des donn\u00e9es \u00e0 caract\u00e8re personnel conform\u00e9ment au r\u00e8glement (UE) 2016\/679 (RGPD) et \u00e0 la loi organique espagnole 3\/2018 (LOPDGDD).<\/p>\n\n\n\n<h2 class=\"wp-block-heading\" id=\"block-5d448b1d-e307-4465-90d5-f0589421124e\">2. Quelles donn\u00e9es nous collectons et pourquoi<\/h2>\n\n\n\n<p id=\"block-4924eb0e-221c-4b7a-936e-7a2be5b0ba8f\">Nous collectons uniquement les donn\u00e9es personnelles n\u00e9cessaires \u00e0 la bonne ex\u00e9cution et au professionnalisme de nos services. Cela peut inclure :<\/p>\n\n\n\n<ul id=\"block-86513438-578f-4b3b-9b40-1e512ce2cdbc\" class=\"wp-block-list\">\n<li>Nom et pr\u00e9nom<\/li>\n\n\n\n<li>Adresse \u00e9lectronique<\/li>\n\n\n\n<li>Num\u00e9ro de t\u00e9l\u00e9phone<\/li>\n\n\n\n<li>Informations relatives aux demandes de renseignements, aux r\u00e9servations ou aux demandes de service<\/li>\n\n\n\n<li>Donn\u00e9es techniques telles que l&rsquo;adresse IP ou le type de navigateur, uniquement lorsque la loi l&rsquo;autorise<\/li>\n<\/ul>\n\n\n\n<p id=\"block-7301e2d2-884b-4dc7-92a9-85fa290848d2\">Vos donn\u00e9es sont trait\u00e9es aux fins suivantes :<\/p>\n\n\n\n<ul id=\"block-3e5dca39-539b-403c-98fb-4401f4fda77b\" class=\"wp-block-list\">\n<li>Pour r\u00e9pondre aux demandes de renseignements et aux requ\u00eates<\/li>\n\n\n\n<li>G\u00e9rer les services de location de bateaux et de yachts<\/li>\n\n\n\n<li>Pour organiser les r\u00e9servations, les itin\u00e9raires et le service client\u00e8le<\/li>\n\n\n\n<li>Pour communiquer des informations relatives aux services<\/li>\n\n\n\n<li>Pour respecter les obligations l\u00e9gales et contractuelles<\/li>\n<\/ul>\n\n\n\n<p id=\"block-bbea1d11-7c44-496b-b0cc-c40c4774cfdd\">Nous ne traitons pas de cat\u00e9gories particuli\u00e8res de donn\u00e9es \u00e0 caract\u00e8re personnel.<\/p>\n\n\n\n<h2 class=\"wp-block-heading\" id=\"block-acb0d70d-4941-4aaf-8d0a-74d9c5302171\">3. Base juridique du traitement<\/h2>\n\n\n\n<p id=\"block-e56bf721-205b-4b63-9816-bc80f8d7977e\">Les donn\u00e9es \u00e0 caract\u00e8re personnel sont trait\u00e9es sur la base d&rsquo;un ou plusieurs des motifs juridiques suivants :<\/p>\n\n\n\n<ul id=\"block-2b59b34f-58bc-4bab-98ec-2d73b207eaef\" class=\"wp-block-list\">\n<li>Votre consentement explicite<\/li>\n\n\n\n<li>L&rsquo;ex\u00e9cution d&rsquo;un contrat ou les mesures pr\u00e9contractuelles<\/li>\n\n\n\n<li>Respect des obligations l\u00e9gales<\/li>\n\n\n\n<li>Int\u00e9r\u00eat commercial l\u00e9gitime li\u00e9 au service \u00e0 la client\u00e8le et aux op\u00e9rations<\/li>\n<\/ul>\n\n\n\n<p id=\"block-adffb931-6d7d-4d94-9d22-0c804e7c19b9\">Vous pouvez retirer votre consentement \u00e0 tout moment.<\/p>\n\n\n\n<h2 class=\"wp-block-heading\" id=\"block-d6a0eeab-1535-4dc4-a157-2b832cc015b0\">4. Combien de temps conservons-nous vos donn\u00e9es ?<\/h2>\n\n\n\n<p id=\"block-9a995cc8-25d7-49bc-9895-b61bcbad376d\">Les donn\u00e9es personnelles ne sont conserv\u00e9es que pendant la dur\u00e9e n\u00e9cessaire \u00e0 la r\u00e9alisation de l&rsquo;objectif pour lequel elles ont \u00e9t\u00e9 collect\u00e9es et au respect des exigences l\u00e9gales applicables. Une fois qu&rsquo;elles ne sont plus n\u00e9cessaires, les donn\u00e9es sont supprim\u00e9es de mani\u00e8re s\u00e9curis\u00e9e ou anonymis\u00e9es.<\/p>\n\n\n\n<h2 class=\"wp-block-heading\" id=\"block-39b7e593-794c-4a1b-a230-a5cb9f946a56\">5. Partage et transfert des donn\u00e9es<\/h2>\n\n\n\n<p id=\"block-eb164216-a2ad-4ef5-9298-740b365f33d5\">Vos donn\u00e9es ne seront ni vendues ni partag\u00e9es avec des tiers, sauf si cela est n\u00e9cessaire pour fournir le service demand\u00e9 ou pour respecter des obligations l\u00e9gales. Cela peut inclure une collaboration avec des partenaires professionnels tels que des skippers, des prestataires de services, des conseillers juridiques ou des autorit\u00e9s, le cas \u00e9ch\u00e9ant.<\/p>\n\n\n\n<p id=\"block-70cc1a1a-9791-4307-8158-006c1f885b43\">Aucun transfert international de donn\u00e9es n&rsquo;est effectu\u00e9, sauf si cela est l\u00e9galement n\u00e9cessaire et prot\u00e9g\u00e9 par des garanties appropri\u00e9es.<\/p>\n\n\n\n<h2 class=\"wp-block-heading\" id=\"block-17b20cad-bd1a-4bc2-9003-36176d46a4d4\">6. Vos droits<\/h2>\n\n\n\n<p id=\"block-787d7f25-2aff-40d0-ba34-5cb1afcd28f9\">Vous avez le droit de :<\/p>\n\n\n\n<ul id=\"block-ba1e56ff-626d-4c4f-adce-e534e3d00f20\" class=\"wp-block-list\">\n<li>Acc\u00e9dez \u00e0 vos donn\u00e9es personnelles<\/li>\n\n\n\n<li>Demander la correction de donn\u00e9es inexactes<\/li>\n\n\n\n<li>Demander la suppression de vos donn\u00e9es<\/li>\n\n\n\n<li>Demander une limitation du traitement<\/li>\n\n\n\n<li>S&rsquo;opposer au traitement des donn\u00e9es<\/li>\n\n\n\n<li>Demander la portabilit\u00e9 des donn\u00e9es<\/li>\n\n\n\n<li>Retirer votre consentement \u00e0 tout moment<\/li>\n<\/ul>\n\n\n\n<p id=\"block-28d77745-999f-4486-9aab-f4a9b2ac3390\">Pour exercer vos droits, veuillez contacter :<br>\ud83d\udce7 <strong>rentboatsibiza@gmail.com<\/strong><\/p>\n\n\n\n<p id=\"block-60b67a44-21ed-4891-b4ec-cdf543c292f1\">Vous avez \u00e9galement le droit de d\u00e9poser une plainte aupr\u00e8s de l&rsquo;<strong>Agence espagnole de protection des donn\u00e9es (AEPD)<\/strong> \u00e0 l&rsquo;adresse www.aepd.es.<\/p>\n\n\n\n<h2 class=\"wp-block-heading\" id=\"block-be6316b6-6dcf-4665-82e8-1705f4422451\">7. S\u00e9curit\u00e9 des donn\u00e9es<\/h2>\n\n\n\n<p id=\"block-a15473a3-8af6-40fb-80c4-7b51b0815512\">Nous appliquons les mesures techniques et organisationnelles appropri\u00e9es pour prot\u00e9ger les donn\u00e9es personnelles contre tout acc\u00e8s non autoris\u00e9, perte, utilisation abusive ou alt\u00e9ration, garantissant ainsi leur confidentialit\u00e9 et leur int\u00e9grit\u00e9 \u00e0 tout moment.<\/p>\n\n\n\n<h2 class=\"wp-block-heading\" id=\"block-3fdd23f4-29cc-4920-96e8-3bf48a012f7b\">8. Liens vers des sites tiers<\/h2>\n\n\n\n<p id=\"block-520b4b25-260f-4e90-aff1-909c8cc27ef3\">Ce site web peut contenir des liens vers des sites web externes. CW Europe Marbella Group S.L. n&rsquo;est pas responsable des pratiques de confidentialit\u00e9 ni du contenu des sites tiers. Nous vous recommandons de consulter leurs politiques de confidentialit\u00e9 respectives.<\/p>\n\n\n\n<h2 class=\"wp-block-heading\" id=\"block-1a90c31a-2dbb-47a0-a84d-667b022d8ecb\">9. Modifications apport\u00e9es \u00e0 la pr\u00e9sente politique de confidentialit\u00e9<\/h2>\n\n\n\n<p id=\"block-21932151-b5ed-467f-a7df-4d80aac42cc7\">La pr\u00e9sente politique de confidentialit\u00e9 peut \u00eatre mise \u00e0 jour de temps \u00e0 autre afin de refl\u00e9ter les changements juridiques, techniques ou op\u00e9rationnels. La derni\u00e8re version sera toujours disponible sur ce site Web.<\/p>\n\n\n\n<h2 class=\"wp-block-heading\" id=\"block-bca3fe8d-aab7-4d77-94b0-6c165c82cca1\">10. Contact<\/h2>\n\n\n\n<p>Si vous avez des questions concernant la pr\u00e9sente politique de confidentialit\u00e9 ou le traitement de vos donn\u00e9es, veuillez nous contacter :<strong>CW Europe Group Marbella S.L.<\/strong><br>\ud83d\udce7 rentboatsibiza@gmail.com<br>\ud83d\udcde +34 692 807 756<\/p>\n","protected":false},"excerpt":{"rendered":"<p>1Qui sommes-nous ? La pr\u00e9sente politique de confidentialit\u00e9 s&rsquo;applique au site web www.rentboatsibiza.es, exploit\u00e9 par : Soci\u00e9t\u00e9 : CW Europe Group Marbella S.L.CIF : B93249878Adresse enregistr\u00e9e :Ctra. Jes\u00fas 101, Edif. CentroPlanta Baja, Local 507819 Jes\u00fas, Ibiza, Espagne Propri\u00e9taires \/ Directeurs :Christian WolfNicole Wolf E-mail de contact : rentboatsibiza@gmail.comNum\u00e9ro de t\u00e9l\u00e9phone : +34 692 807 756 [&hellip;]<\/p>\n","protected":false},"author":1,"featured_media":0,"parent":0,"menu_order":0,"comment_status":"closed","ping_status":"open","template":"","meta":{"inline_featured_image":false,"footnotes":""},"class_list":["post-14518","page","type-page","status-publish","hentry"],"yoast_head":"<!-- This site is optimized with the Yoast SEO plugin v27.4 - https:\/\/yoast.com\/product\/yoast-seo-wordpress\/ -->\n<title>Politique de confidentialit\u00e9 - Rent Boats Ibiza<\/title>\n<meta name=\"robots\" content=\"index, follow, max-snippet:-1, max-image-preview:large, max-video-preview:-1\" \/>\n<link rel=\"canonical\" href=\"https:\/\/www.rentboatsibiza.es\/fr\/politique-de-confidentialite\/\" \/>\n<meta property=\"og:locale\" content=\"fr_FR\" \/>\n<meta property=\"og:type\" content=\"article\" \/>\n<meta property=\"og:title\" content=\"Politique de confidentialit\u00e9 - Rent Boats Ibiza\" \/>\n<meta property=\"og:description\" content=\"1Qui sommes-nous ? La pr\u00e9sente politique de confidentialit\u00e9 s&rsquo;applique au site web www.rentboatsibiza.es, exploit\u00e9 par : Soci\u00e9t\u00e9 : CW Europe Group Marbella S.L.CIF : B93249878Adresse enregistr\u00e9e :Ctra. Jes\u00fas 101, Edif. CentroPlanta Baja, Local 507819 Jes\u00fas, Ibiza, Espagne Propri\u00e9taires \/ Directeurs :Christian WolfNicole Wolf E-mail de contact : rentboatsibiza@gmail.comNum\u00e9ro de t\u00e9l\u00e9phone : +34 692 807 756 [&hellip;]\" \/>\n<meta property=\"og:url\" content=\"https:\/\/www.rentboatsibiza.es\/fr\/politique-de-confidentialite\/\" \/>\n<meta property=\"og:site_name\" content=\"Rent Boats Ibiza\" \/>\n<meta property=\"article:publisher\" content=\"https:\/\/www.facebook.com\/rentboatsibiza\" \/>\n<meta property=\"article:modified_time\" content=\"2026-01-12T05:45:59+00:00\" \/>\n<meta name=\"twitter:card\" content=\"summary_large_image\" \/>\n<meta name=\"twitter:site\" content=\"@rentboatsibiza\" \/>\n<meta name=\"twitter:label1\" content=\"Dur\u00e9e de lecture estim\u00e9e\" \/>\n\t<meta name=\"twitter:data1\" content=\"4 minutes\" \/>\n<script type=\"application\/ld+json\" class=\"yoast-schema-graph\">{\"@context\":\"https:\\\/\\\/schema.org\",\"@graph\":[{\"@type\":\"WebPage\",\"@id\":\"https:\\\/\\\/www.rentboatsibiza.es\\\/fr\\\/politique-de-confidentialite\\\/\",\"url\":\"https:\\\/\\\/www.rentboatsibiza.es\\\/fr\\\/politique-de-confidentialite\\\/\",\"name\":\"Politique de confidentialit\u00e9 - Rent Boats Ibiza\",\"isPartOf\":{\"@id\":\"https:\\\/\\\/www.rentboatsibiza.es\\\/fr\\\/#website\"},\"datePublished\":\"2025-11-19T15:48:46+00:00\",\"dateModified\":\"2026-01-12T05:45:59+00:00\",\"breadcrumb\":{\"@id\":\"https:\\\/\\\/www.rentboatsibiza.es\\\/fr\\\/politique-de-confidentialite\\\/#breadcrumb\"},\"inLanguage\":\"fr-FR\",\"potentialAction\":[{\"@type\":\"ReadAction\",\"target\":[\"https:\\\/\\\/www.rentboatsibiza.es\\\/fr\\\/politique-de-confidentialite\\\/\"]}]},{\"@type\":\"BreadcrumbList\",\"@id\":\"https:\\\/\\\/www.rentboatsibiza.es\\\/fr\\\/politique-de-confidentialite\\\/#breadcrumb\",\"itemListElement\":[{\"@type\":\"ListItem\",\"position\":1,\"name\":\"Home\",\"item\":\"https:\\\/\\\/www.rentboatsibiza.es\\\/fr\\\/\"},{\"@type\":\"ListItem\",\"position\":2,\"name\":\"Politique de confidentialit\u00e9\"}]},{\"@type\":\"WebSite\",\"@id\":\"https:\\\/\\\/www.rentboatsibiza.es\\\/fr\\\/#website\",\"url\":\"https:\\\/\\\/www.rentboatsibiza.es\\\/fr\\\/\",\"name\":\"Rent Boats Ibiza\",\"description\":\"Best Luxury Boat &amp; Yacht Rentals\",\"publisher\":{\"@id\":\"https:\\\/\\\/www.rentboatsibiza.es\\\/fr\\\/#organization\"},\"potentialAction\":[{\"@type\":\"SearchAction\",\"target\":{\"@type\":\"EntryPoint\",\"urlTemplate\":\"https:\\\/\\\/www.rentboatsibiza.es\\\/fr\\\/?s={search_term_string}\"},\"query-input\":{\"@type\":\"PropertyValueSpecification\",\"valueRequired\":true,\"valueName\":\"search_term_string\"}}],\"inLanguage\":\"fr-FR\"},{\"@type\":\"Organization\",\"@id\":\"https:\\\/\\\/www.rentboatsibiza.es\\\/fr\\\/#organization\",\"name\":\"Rent Boats Ibiza\",\"url\":\"https:\\\/\\\/www.rentboatsibiza.es\\\/fr\\\/\",\"logo\":{\"@type\":\"ImageObject\",\"inLanguage\":\"fr-FR\",\"@id\":\"https:\\\/\\\/www.rentboatsibiza.es\\\/fr\\\/#\\\/schema\\\/logo\\\/image\\\/\",\"url\":\"https:\\\/\\\/www.rentboatsibiza.es\\\/wp-content\\\/uploads\\\/2025\\\/12\\\/cw-rent-boats-logo.png\",\"contentUrl\":\"https:\\\/\\\/www.rentboatsibiza.es\\\/wp-content\\\/uploads\\\/2025\\\/12\\\/cw-rent-boats-logo.png\",\"width\":494,\"height\":238,\"caption\":\"Rent Boats Ibiza\"},\"image\":{\"@id\":\"https:\\\/\\\/www.rentboatsibiza.es\\\/fr\\\/#\\\/schema\\\/logo\\\/image\\\/\"},\"sameAs\":[\"https:\\\/\\\/www.facebook.com\\\/rentboatsibiza\",\"https:\\\/\\\/x.com\\\/rentboatsibiza\",\"https:\\\/\\\/www.linkedin.com\\\/company\\\/rentboatsibiza\",\"https:\\\/\\\/www.youtube.com\\\/@CWRentBoatsIbiza\"]}]}<\/script>\n<!-- \/ Yoast SEO plugin. -->","yoast_head_json":{"title":"Politique de confidentialit\u00e9 - Rent Boats Ibiza","robots":{"index":"index","follow":"follow","max-snippet":"max-snippet:-1","max-image-preview":"max-image-preview:large","max-video-preview":"max-video-preview:-1"},"canonical":"https:\/\/www.rentboatsibiza.es\/fr\/politique-de-confidentialite\/","og_locale":"fr_FR","og_type":"article","og_title":"Politique de confidentialit\u00e9 - Rent Boats Ibiza","og_description":"1Qui sommes-nous ? La pr\u00e9sente politique de confidentialit\u00e9 s&rsquo;applique au site web www.rentboatsibiza.es, exploit\u00e9 par : Soci\u00e9t\u00e9 : CW Europe Group Marbella S.L.CIF : B93249878Adresse enregistr\u00e9e :Ctra. Jes\u00fas 101, Edif. CentroPlanta Baja, Local 507819 Jes\u00fas, Ibiza, Espagne Propri\u00e9taires \/ Directeurs :Christian WolfNicole Wolf E-mail de contact : rentboatsibiza@gmail.comNum\u00e9ro de t\u00e9l\u00e9phone : +34 692 807 756 [&hellip;]","og_url":"https:\/\/www.rentboatsibiza.es\/fr\/politique-de-confidentialite\/","og_site_name":"Rent Boats Ibiza","article_publisher":"https:\/\/www.facebook.com\/rentboatsibiza","article_modified_time":"2026-01-12T05:45:59+00:00","twitter_card":"summary_large_image","twitter_site":"@rentboatsibiza","twitter_misc":{"Dur\u00e9e de lecture estim\u00e9e":"4 minutes"},"schema":{"@context":"https:\/\/schema.org","@graph":[{"@type":"WebPage","@id":"https:\/\/www.rentboatsibiza.es\/fr\/politique-de-confidentialite\/","url":"https:\/\/www.rentboatsibiza.es\/fr\/politique-de-confidentialite\/","name":"Politique de confidentialit\u00e9 - Rent Boats Ibiza","isPartOf":{"@id":"https:\/\/www.rentboatsibiza.es\/fr\/#website"},"datePublished":"2025-11-19T15:48:46+00:00","dateModified":"2026-01-12T05:45:59+00:00","breadcrumb":{"@id":"https:\/\/www.rentboatsibiza.es\/fr\/politique-de-confidentialite\/#breadcrumb"},"inLanguage":"fr-FR","potentialAction":[{"@type":"ReadAction","target":["https:\/\/www.rentboatsibiza.es\/fr\/politique-de-confidentialite\/"]}]},{"@type":"BreadcrumbList","@id":"https:\/\/www.rentboatsibiza.es\/fr\/politique-de-confidentialite\/#breadcrumb","itemListElement":[{"@type":"ListItem","position":1,"name":"Home","item":"https:\/\/www.rentboatsibiza.es\/fr\/"},{"@type":"ListItem","position":2,"name":"Politique de confidentialit\u00e9"}]},{"@type":"WebSite","@id":"https:\/\/www.rentboatsibiza.es\/fr\/#website","url":"https:\/\/www.rentboatsibiza.es\/fr\/","name":"Rent Boats Ibiza","description":"Best Luxury Boat &amp; Yacht Rentals","publisher":{"@id":"https:\/\/www.rentboatsibiza.es\/fr\/#organization"},"potentialAction":[{"@type":"SearchAction","target":{"@type":"EntryPoint","urlTemplate":"https:\/\/www.rentboatsibiza.es\/fr\/?s={search_term_string}"},"query-input":{"@type":"PropertyValueSpecification","valueRequired":true,"valueName":"search_term_string"}}],"inLanguage":"fr-FR"},{"@type":"Organization","@id":"https:\/\/www.rentboatsibiza.es\/fr\/#organization","name":"Rent Boats Ibiza","url":"https:\/\/www.rentboatsibiza.es\/fr\/","logo":{"@type":"ImageObject","inLanguage":"fr-FR","@id":"https:\/\/www.rentboatsibiza.es\/fr\/#\/schema\/logo\/image\/","url":"https:\/\/www.rentboatsibiza.es\/wp-content\/uploads\/2025\/12\/cw-rent-boats-logo.png","contentUrl":"https:\/\/www.rentboatsibiza.es\/wp-content\/uploads\/2025\/12\/cw-rent-boats-logo.png","width":494,"height":238,"caption":"Rent Boats Ibiza"},"image":{"@id":"https:\/\/www.rentboatsibiza.es\/fr\/#\/schema\/logo\/image\/"},"sameAs":["https:\/\/www.facebook.com\/rentboatsibiza","https:\/\/x.com\/rentboatsibiza","https:\/\/www.linkedin.com\/company\/rentboatsibiza","https:\/\/www.youtube.com\/@CWRentBoatsIbiza"]}]}},"_links":{"self":[{"href":"https:\/\/www.rentboatsibiza.es\/fr\/wp-json\/wp\/v2\/pages\/14518","targetHints":{"allow":["GET"]}}],"collection":[{"href":"https:\/\/www.rentboatsibiza.es\/fr\/wp-json\/wp\/v2\/pages"}],"about":[{"href":"https:\/\/www.rentboatsibiza.es\/fr\/wp-json\/wp\/v2\/types\/page"}],"author":[{"embeddable":true,"href":"https:\/\/www.rentboatsibiza.es\/fr\/wp-json\/wp\/v2\/users\/1"}],"replies":[{"embeddable":true,"href":"https:\/\/www.rentboatsibiza.es\/fr\/wp-json\/wp\/v2\/comments?post=14518"}],"version-history":[{"count":3,"href":"https:\/\/www.rentboatsibiza.es\/fr\/wp-json\/wp\/v2\/pages\/14518\/revisions"}],"predecessor-version":[{"id":15159,"href":"https:\/\/www.rentboatsibiza.es\/fr\/wp-json\/wp\/v2\/pages\/14518\/revisions\/15159"}],"wp:attachment":[{"href":"https:\/\/www.rentboatsibiza.es\/fr\/wp-json\/wp\/v2\/media?parent=14518"}],"curies":[{"name":"wp","href":"https:\/\/api.w.org\/{rel}","templated":true}]}}