{"id":15139,"date":"2026-01-12T04:14:17","date_gmt":"2026-01-12T04:14:17","guid":{"rendered":"https:\/\/www.rentboatsibiza.es\/imprint\/"},"modified":"2026-01-12T22:25:54","modified_gmt":"2026-01-12T22:25:54","slug":"mentions-legales","status":"publish","type":"page","link":"https:\/\/www.rentboatsibiza.es\/fr\/mentions-legales\/","title":{"rendered":"Mentions l\u00e9gales"},"content":{"rendered":"\n<p><strong>Informations conform\u00e9ment aux r\u00e9glementations europ\u00e9ennes et espagnoles applicables<\/strong><\/p>\n\n\n\n<h2 class=\"wp-block-heading\" id=\"block-b1c19e54-606c-477e-aa52-0078cca2e059\">D\u00e9tails de l&rsquo;entreprise<\/h2>\n\n\n\n<p id=\"block-83c9cb18-4960-4e85-9448-7a42a825717d\"><strong>Nom de la soci\u00e9t\u00e9 :<\/strong><br>CW Europe Group Marbella S.L.<\/p>\n\n\n\n<p id=\"block-c9467cb7-5984-4a7a-a6ee-bd570eb7da43\"><strong>Adresse professionnelle :<\/strong><br>Ctra. Jes\u00fas 101<br>Edif. Centro, rez-de-chauss\u00e9e, Local 5<br>07819 Jes\u00fas, Ibiza<br>Espagne<\/p>\n\n\n\n<p id=\"block-5cacaa16-f6fe-4219-af27-9d8e09939ee0\"><strong>Forme juridique :<\/strong><br>Soci\u00e9t\u00e9 \u00e0 responsabilit\u00e9 limit\u00e9e (Sociedad Limitada \u2013 S.L.)<\/p>\n\n\n\n<p id=\"block-97eb67e2-3b18-432a-9340-bfe2b5203e8b\"><strong>Directeurs g\u00e9n\u00e9raux :<\/strong><br>Christian Wolf<br>Nicole Wolf<\/p>\n\n\n\n<h3 class=\"wp-block-heading\" id=\"block-b19227bf-76aa-4aa5-aeff-b82a81f88ede\">Coordonn\u00e9es<\/h3>\n\n\n\n<p id=\"block-2ba7626c-0c0d-43ce-894e-108f88004526\"><strong>T\u00e9l\u00e9phone :<\/strong><br>+34 692 807 756<\/p>\n\n\n\n<p id=\"block-5ca350c5-8962-4d90-ab02-ac11381a7603\"><strong>E-mail :<\/strong> rentboatsibiza@gmail.com<\/p>\n\n\n\n<p id=\"block-cedc058a-dde6-484f-bf03-ba7696a6716d\">Site web : www.rentboatsibiza.es<\/p>\n\n\n\n<h3 class=\"wp-block-heading\" id=\"block-ccdd6e53-e46b-4a5b-87d9-9a43ef54d216\">Enregistrement de soci\u00e9t\u00e9<\/h3>\n\n\n\n<p id=\"block-b7e4540e-8bdc-4a8b-ab84-7761b17f75b6\"><strong>Enregistr\u00e9 aupr\u00e8s de :<\/strong><br>Registre du commerce espagnol (Registro Mercantil)<\/p>\n\n\n\n<p id=\"block-c6ee4601-f8ac-40fe-b642-dec4f4b67d8f\"><strong>Num\u00e9ro d&rsquo;identification fiscale (CIF):<\/strong> B93249878<\/p>\n\n\n\n<p id=\"block-71ab6007-3def-4eb2-9819-b18c229952cc\"><strong>Responsable du contenu<\/strong><\/p>\n\n\n\n<p id=\"block-a0f3c0b2-1315-407f-ad0a-71362aa05411\">Responsable du contenu de ce site web conform\u00e9ment aux lois applicables :<\/p>\n\n\n\n<p id=\"block-3bc1a122-80b3-4c09-9c62-a30fc743366a\"><strong>Christian Wolf<\/strong><br>CW Europe Group Marbella S.L.<br>Ctra. Jes\u00fas 101<br>07819 Jes\u00fas, Ibiza<br>Espagne<\/p>\n\n\n\n<h3 class=\"wp-block-heading\" id=\"block-f739f344-c8a6-47f9-90b8-87fa2d8998cb\">Avertissement<\/h3>\n\n\n\n<p>Le contenu de ce site web a \u00e9t\u00e9 cr\u00e9\u00e9 avec le plus grand soin. Toutefois, aucune garantie ne peut \u00eatre donn\u00e9e quant \u00e0 l&rsquo;exactitude, l&rsquo;exhaustivit\u00e9 ou l&rsquo;actualit\u00e9 des informations fournies.<\/p>\n","protected":false},"excerpt":{"rendered":"<p>Informations conform\u00e9ment aux r\u00e9glementations europ\u00e9ennes et espagnoles applicables D\u00e9tails de l&rsquo;entreprise Nom de la soci\u00e9t\u00e9 :CW Europe Group Marbella S.L. Adresse professionnelle :Ctra. Jes\u00fas 101Edif. Centro, rez-de-chauss\u00e9e, Local 507819 Jes\u00fas, IbizaEspagne Forme juridique :Soci\u00e9t\u00e9 \u00e0 responsabilit\u00e9 limit\u00e9e (Sociedad Limitada \u2013 S.L.) Directeurs g\u00e9n\u00e9raux :Christian WolfNicole Wolf Coordonn\u00e9es T\u00e9l\u00e9phone :+34 692 807 756 E-mail : rentboatsibiza@gmail.com [&hellip;]<\/p>\n","protected":false},"author":1,"featured_media":0,"parent":0,"menu_order":0,"comment_status":"closed","ping_status":"closed","template":"","meta":{"inline_featured_image":false,"footnotes":""},"class_list":["post-15139","page","type-page","status-publish","hentry"],"yoast_head":"<!-- This site is optimized with the Yoast SEO plugin v27.4 - https:\/\/yoast.com\/product\/yoast-seo-wordpress\/ -->\n<title>Mentions l\u00e9gales - Rent Boats Ibiza<\/title>\n<meta name=\"robots\" content=\"index, follow, max-snippet:-1, max-image-preview:large, max-video-preview:-1\" \/>\n<link rel=\"canonical\" href=\"https:\/\/www.rentboatsibiza.es\/fr\/mentions-legales\/\" \/>\n<meta property=\"og:locale\" content=\"fr_FR\" \/>\n<meta property=\"og:type\" content=\"article\" \/>\n<meta property=\"og:title\" content=\"Mentions l\u00e9gales - Rent Boats Ibiza\" \/>\n<meta property=\"og:description\" content=\"Informations conform\u00e9ment aux r\u00e9glementations europ\u00e9ennes et espagnoles applicables D\u00e9tails de l&rsquo;entreprise Nom de la soci\u00e9t\u00e9 :CW Europe Group Marbella S.L. Adresse professionnelle :Ctra. Jes\u00fas 101Edif. Centro, rez-de-chauss\u00e9e, Local 507819 Jes\u00fas, IbizaEspagne Forme juridique :Soci\u00e9t\u00e9 \u00e0 responsabilit\u00e9 limit\u00e9e (Sociedad Limitada \u2013 S.L.) Directeurs g\u00e9n\u00e9raux :Christian WolfNicole Wolf Coordonn\u00e9es T\u00e9l\u00e9phone :+34 692 807 756 E-mail : rentboatsibiza@gmail.com [&hellip;]\" \/>\n<meta property=\"og:url\" content=\"https:\/\/www.rentboatsibiza.es\/fr\/mentions-legales\/\" \/>\n<meta property=\"og:site_name\" content=\"Rent Boats Ibiza\" \/>\n<meta property=\"article:publisher\" content=\"https:\/\/www.facebook.com\/rentboatsibiza\" \/>\n<meta property=\"article:modified_time\" content=\"2026-01-12T22:25:54+00:00\" \/>\n<meta name=\"twitter:card\" content=\"summary_large_image\" \/>\n<meta name=\"twitter:site\" content=\"@rentboatsibiza\" \/>\n<meta name=\"twitter:label1\" content=\"Dur\u00e9e de lecture estim\u00e9e\" \/>\n\t<meta name=\"twitter:data1\" content=\"1 minute\" \/>\n<script type=\"application\/ld+json\" class=\"yoast-schema-graph\">{\"@context\":\"https:\\\/\\\/schema.org\",\"@graph\":[{\"@type\":\"WebPage\",\"@id\":\"https:\\\/\\\/www.rentboatsibiza.es\\\/fr\\\/mentions-legales\\\/\",\"url\":\"https:\\\/\\\/www.rentboatsibiza.es\\\/fr\\\/mentions-legales\\\/\",\"name\":\"Mentions l\u00e9gales - Rent Boats Ibiza\",\"isPartOf\":{\"@id\":\"https:\\\/\\\/www.rentboatsibiza.es\\\/fr\\\/#website\"},\"datePublished\":\"2026-01-12T04:14:17+00:00\",\"dateModified\":\"2026-01-12T22:25:54+00:00\",\"breadcrumb\":{\"@id\":\"https:\\\/\\\/www.rentboatsibiza.es\\\/fr\\\/mentions-legales\\\/#breadcrumb\"},\"inLanguage\":\"fr-FR\",\"potentialAction\":[{\"@type\":\"ReadAction\",\"target\":[\"https:\\\/\\\/www.rentboatsibiza.es\\\/fr\\\/mentions-legales\\\/\"]}]},{\"@type\":\"BreadcrumbList\",\"@id\":\"https:\\\/\\\/www.rentboatsibiza.es\\\/fr\\\/mentions-legales\\\/#breadcrumb\",\"itemListElement\":[{\"@type\":\"ListItem\",\"position\":1,\"name\":\"Home\",\"item\":\"https:\\\/\\\/www.rentboatsibiza.es\\\/fr\\\/\"},{\"@type\":\"ListItem\",\"position\":2,\"name\":\"Mentions l\u00e9gales\"}]},{\"@type\":\"WebSite\",\"@id\":\"https:\\\/\\\/www.rentboatsibiza.es\\\/fr\\\/#website\",\"url\":\"https:\\\/\\\/www.rentboatsibiza.es\\\/fr\\\/\",\"name\":\"Rent Boats Ibiza\",\"description\":\"Best Luxury Boat &amp; Yacht Rentals\",\"publisher\":{\"@id\":\"https:\\\/\\\/www.rentboatsibiza.es\\\/fr\\\/#organization\"},\"potentialAction\":[{\"@type\":\"SearchAction\",\"target\":{\"@type\":\"EntryPoint\",\"urlTemplate\":\"https:\\\/\\\/www.rentboatsibiza.es\\\/fr\\\/?s={search_term_string}\"},\"query-input\":{\"@type\":\"PropertyValueSpecification\",\"valueRequired\":true,\"valueName\":\"search_term_string\"}}],\"inLanguage\":\"fr-FR\"},{\"@type\":\"Organization\",\"@id\":\"https:\\\/\\\/www.rentboatsibiza.es\\\/fr\\\/#organization\",\"name\":\"Rent Boats Ibiza\",\"url\":\"https:\\\/\\\/www.rentboatsibiza.es\\\/fr\\\/\",\"logo\":{\"@type\":\"ImageObject\",\"inLanguage\":\"fr-FR\",\"@id\":\"https:\\\/\\\/www.rentboatsibiza.es\\\/fr\\\/#\\\/schema\\\/logo\\\/image\\\/\",\"url\":\"https:\\\/\\\/www.rentboatsibiza.es\\\/wp-content\\\/uploads\\\/2025\\\/12\\\/cw-rent-boats-logo.png\",\"contentUrl\":\"https:\\\/\\\/www.rentboatsibiza.es\\\/wp-content\\\/uploads\\\/2025\\\/12\\\/cw-rent-boats-logo.png\",\"width\":494,\"height\":238,\"caption\":\"Rent Boats Ibiza\"},\"image\":{\"@id\":\"https:\\\/\\\/www.rentboatsibiza.es\\\/fr\\\/#\\\/schema\\\/logo\\\/image\\\/\"},\"sameAs\":[\"https:\\\/\\\/www.facebook.com\\\/rentboatsibiza\",\"https:\\\/\\\/x.com\\\/rentboatsibiza\",\"https:\\\/\\\/www.linkedin.com\\\/company\\\/rentboatsibiza\",\"https:\\\/\\\/www.youtube.com\\\/@CWRentBoatsIbiza\"]}]}<\/script>\n<!-- \/ Yoast SEO plugin. -->","yoast_head_json":{"title":"Mentions l\u00e9gales - Rent Boats Ibiza","robots":{"index":"index","follow":"follow","max-snippet":"max-snippet:-1","max-image-preview":"max-image-preview:large","max-video-preview":"max-video-preview:-1"},"canonical":"https:\/\/www.rentboatsibiza.es\/fr\/mentions-legales\/","og_locale":"fr_FR","og_type":"article","og_title":"Mentions l\u00e9gales - Rent Boats Ibiza","og_description":"Informations conform\u00e9ment aux r\u00e9glementations europ\u00e9ennes et espagnoles applicables D\u00e9tails de l&rsquo;entreprise Nom de la soci\u00e9t\u00e9 :CW Europe Group Marbella S.L. Adresse professionnelle :Ctra. Jes\u00fas 101Edif. Centro, rez-de-chauss\u00e9e, Local 507819 Jes\u00fas, IbizaEspagne Forme juridique :Soci\u00e9t\u00e9 \u00e0 responsabilit\u00e9 limit\u00e9e (Sociedad Limitada \u2013 S.L.) Directeurs g\u00e9n\u00e9raux :Christian WolfNicole Wolf Coordonn\u00e9es T\u00e9l\u00e9phone :+34 692 807 756 E-mail : rentboatsibiza@gmail.com [&hellip;]","og_url":"https:\/\/www.rentboatsibiza.es\/fr\/mentions-legales\/","og_site_name":"Rent Boats Ibiza","article_publisher":"https:\/\/www.facebook.com\/rentboatsibiza","article_modified_time":"2026-01-12T22:25:54+00:00","twitter_card":"summary_large_image","twitter_site":"@rentboatsibiza","twitter_misc":{"Dur\u00e9e de lecture estim\u00e9e":"1 minute"},"schema":{"@context":"https:\/\/schema.org","@graph":[{"@type":"WebPage","@id":"https:\/\/www.rentboatsibiza.es\/fr\/mentions-legales\/","url":"https:\/\/www.rentboatsibiza.es\/fr\/mentions-legales\/","name":"Mentions l\u00e9gales - Rent Boats Ibiza","isPartOf":{"@id":"https:\/\/www.rentboatsibiza.es\/fr\/#website"},"datePublished":"2026-01-12T04:14:17+00:00","dateModified":"2026-01-12T22:25:54+00:00","breadcrumb":{"@id":"https:\/\/www.rentboatsibiza.es\/fr\/mentions-legales\/#breadcrumb"},"inLanguage":"fr-FR","potentialAction":[{"@type":"ReadAction","target":["https:\/\/www.rentboatsibiza.es\/fr\/mentions-legales\/"]}]},{"@type":"BreadcrumbList","@id":"https:\/\/www.rentboatsibiza.es\/fr\/mentions-legales\/#breadcrumb","itemListElement":[{"@type":"ListItem","position":1,"name":"Home","item":"https:\/\/www.rentboatsibiza.es\/fr\/"},{"@type":"ListItem","position":2,"name":"Mentions l\u00e9gales"}]},{"@type":"WebSite","@id":"https:\/\/www.rentboatsibiza.es\/fr\/#website","url":"https:\/\/www.rentboatsibiza.es\/fr\/","name":"Rent Boats Ibiza","description":"Best Luxury Boat &amp; Yacht Rentals","publisher":{"@id":"https:\/\/www.rentboatsibiza.es\/fr\/#organization"},"potentialAction":[{"@type":"SearchAction","target":{"@type":"EntryPoint","urlTemplate":"https:\/\/www.rentboatsibiza.es\/fr\/?s={search_term_string}"},"query-input":{"@type":"PropertyValueSpecification","valueRequired":true,"valueName":"search_term_string"}}],"inLanguage":"fr-FR"},{"@type":"Organization","@id":"https:\/\/www.rentboatsibiza.es\/fr\/#organization","name":"Rent Boats Ibiza","url":"https:\/\/www.rentboatsibiza.es\/fr\/","logo":{"@type":"ImageObject","inLanguage":"fr-FR","@id":"https:\/\/www.rentboatsibiza.es\/fr\/#\/schema\/logo\/image\/","url":"https:\/\/www.rentboatsibiza.es\/wp-content\/uploads\/2025\/12\/cw-rent-boats-logo.png","contentUrl":"https:\/\/www.rentboatsibiza.es\/wp-content\/uploads\/2025\/12\/cw-rent-boats-logo.png","width":494,"height":238,"caption":"Rent Boats Ibiza"},"image":{"@id":"https:\/\/www.rentboatsibiza.es\/fr\/#\/schema\/logo\/image\/"},"sameAs":["https:\/\/www.facebook.com\/rentboatsibiza","https:\/\/x.com\/rentboatsibiza","https:\/\/www.linkedin.com\/company\/rentboatsibiza","https:\/\/www.youtube.com\/@CWRentBoatsIbiza"]}]}},"_links":{"self":[{"href":"https:\/\/www.rentboatsibiza.es\/fr\/wp-json\/wp\/v2\/pages\/15139","targetHints":{"allow":["GET"]}}],"collection":[{"href":"https:\/\/www.rentboatsibiza.es\/fr\/wp-json\/wp\/v2\/pages"}],"about":[{"href":"https:\/\/www.rentboatsibiza.es\/fr\/wp-json\/wp\/v2\/types\/page"}],"author":[{"embeddable":true,"href":"https:\/\/www.rentboatsibiza.es\/fr\/wp-json\/wp\/v2\/users\/1"}],"replies":[{"embeddable":true,"href":"https:\/\/www.rentboatsibiza.es\/fr\/wp-json\/wp\/v2\/comments?post=15139"}],"version-history":[{"count":3,"href":"https:\/\/www.rentboatsibiza.es\/fr\/wp-json\/wp\/v2\/pages\/15139\/revisions"}],"predecessor-version":[{"id":15249,"href":"https:\/\/www.rentboatsibiza.es\/fr\/wp-json\/wp\/v2\/pages\/15139\/revisions\/15249"}],"wp:attachment":[{"href":"https:\/\/www.rentboatsibiza.es\/fr\/wp-json\/wp\/v2\/media?parent=15139"}],"curies":[{"name":"wp","href":"https:\/\/api.w.org\/{rel}","templated":true}]}}