{"id":15215,"date":"2026-01-12T06:56:22","date_gmt":"2026-01-12T06:56:22","guid":{"rendered":"https:\/\/www.rentboatsibiza.es\/cookie-policy\/"},"modified":"2026-01-12T06:58:12","modified_gmt":"2026-01-12T06:58:12","slug":"politique-en-matiere-de-cookies","status":"publish","type":"page","link":"https:\/\/www.rentboatsibiza.es\/fr\/politique-en-matiere-de-cookies\/","title":{"rendered":"Politique en mati\u00e8re de cookies"},"content":{"rendered":"\n<h2 class=\"wp-block-heading\">1. Que sont les cookies ?<\/h2>\n\n\n\n<p id=\"block-759581e3-23c2-43cc-9a87-1560d6eb71b6\">Les cookies sont de petits fichiers texte qui sont t\u00e9l\u00e9charg\u00e9s et stock\u00e9s sur l&rsquo;appareil d&rsquo;un utilisateur lorsqu&rsquo;il visite un site web. Ils permettent au site web de reconna\u00eetre l&rsquo;appareil de l&rsquo;utilisateur et de stocker ou de r\u00e9cup\u00e9rer des informations sur son comportement de navigation, ses pr\u00e9f\u00e9rences ou ses param\u00e8tres techniques. Les cookies contribuent au bon fonctionnement du site web, am\u00e9liorent ses performances et offrent une meilleure exp\u00e9rience utilisateur.<\/p>\n\n\n\n<p id=\"block-91b679e6-0bc9-4856-8c6f-225d90447f51\">Les cookies ne contiennent pas de virus, n&rsquo;endommagent pas votre appareil et ne peuvent pas acc\u00e9der \u00e0 vos fichiers personnels. En g\u00e9n\u00e9ral, les cookies n&rsquo;identifient pas directement les utilisateurs, sauf si des donn\u00e9es personnelles sont fournies volontairement et li\u00e9es \u00e0 un cookie avec consentement pr\u00e9alable.<\/p>\n\n\n\n<p id=\"block-d3d559a6-7907-4a5a-a05f-3ca1209c5ff2\">Conform\u00e9ment au <strong>r\u00e8glement (UE) 2016\/679 (RGPD)<\/strong>, \u00e0 la <strong>loi organique 3\/2018 (LOPDGDD)<\/strong> et \u00e0 la <strong>loi 34\/2002 (LSSI-CE)<\/strong>, les cookies qui ne sont pas strictement n\u00e9cessaires ne sont utilis\u00e9s qu&rsquo;apr\u00e8s avoir obtenu le consentement explicite de l&rsquo;utilisateur.<\/p>\n\n\n\n<h2 class=\"wp-block-heading\" id=\"block-d0e74753-5376-4394-ac72-025ed9238300\">2. Entit\u00e9 responsable<\/h2>\n\n\n\n<p id=\"block-64b12249-74cb-4aa6-82ef-7ad17fa2b1a5\">La pr\u00e9sente politique en mati\u00e8re de cookies s&rsquo;applique au site web exploit\u00e9 par :<\/p>\n\n\n\n<p id=\"block-37272546-c95d-42ad-8778-9cb0cda19623\"><strong>Soci\u00e9t\u00e9 :<\/strong> CW Group Ibiza ( CW Europe Group Marbella S.L )<br><strong>Adresse enregistr\u00e9e :<\/strong><br>Ctra. Jes\u00fas 101<br>Edif. Centro, Planta Baja, Local 5<br>07819 Jes\u00fas, Ibiza<br>Espagne<\/p>\n\n\n\n<p id=\"block-2710d029-0fb7-458d-bfcd-4288814e478e\"><strong>Adresse e-mail de contact :<\/strong> rentboatsibiza@gmail.com<\/p>\n\n\n\n<p id=\"block-bc8b28dc-57a1-4965-9fb4-5060e4500a3c\">CW Group Ibiza (CW Europe Group Marbella S.L) est responsable de l&rsquo;utilisation et de la gestion des cookies sur ce site web.<\/p>\n\n\n\n<h2 class=\"wp-block-heading\" id=\"block-2e18cca6-ff61-47d3-a924-ee2ae9f277b2\">3. Types de cookies utilis\u00e9s sur ce site Web<\/h2>\n\n\n\n<h3 class=\"wp-block-heading\" id=\"block-73ecc8d1-1454-403e-a1ff-481557c2986e\">a) Cookies strictement n\u00e9cessaires (techniques)<\/h3>\n\n\n\n<p id=\"block-9e959ee8-ba62-44ad-acce-6de03720b499\">Ces cookies sont essentiels au bon fonctionnement du site web et ne n\u00e9cessitent pas le consentement de l&rsquo;utilisateur. Ils permettent d&rsquo;utiliser des fonctionnalit\u00e9s essentielles telles que la navigation s\u00e9curis\u00e9e, la gestion des sessions, l&rsquo;envoi de formulaires, les processus de r\u00e9servation et l&rsquo;acc\u00e8s aux zones prot\u00e9g\u00e9es.<\/p>\n\n\n\n<h3 class=\"wp-block-heading\" id=\"block-3a5281e1-45c2-4593-ba4b-7739c55c28b1\">b) Cookies de pr\u00e9f\u00e9rence ou de personnalisation<\/h3>\n\n\n\n<p id=\"block-6dec08af-6ee2-4834-8292-35328704826e\">Ces cookies permettent au site web de m\u00e9moriser les choix de l&rsquo;utilisateur, tels que la langue, la r\u00e9gion ou le type de navigateur, afin d&rsquo;offrir une exp\u00e9rience de navigation plus personnalis\u00e9e.<\/p>\n\n\n\n<h3 class=\"wp-block-heading\" id=\"block-79239826-ae1d-42ff-9012-a628846297e3\">c) Cookies analytiques<\/h3>\n\n\n\n<p id=\"block-e155970a-2454-4516-905c-13923c56eabe\">Les cookies analytiques collectent des donn\u00e9es statistiques anonymes sur la mani\u00e8re dont les utilisateurs interagissent avec le site web, telles que les pages visit\u00e9es, le temps pass\u00e9 sur le site et les habitudes de navigation. Ces informations nous aident \u00e0 am\u00e9liorer les performances et le contenu du site web.<\/p>\n\n\n\n<p id=\"block-686372f2-1d73-4a40-b285-1f450b507009\">Ces cookies ne sont activ\u00e9s qu&rsquo;apr\u00e8s que l&rsquo;utilisateur a donn\u00e9 son consentement explicite.<\/p>\n\n\n\n<h3 class=\"wp-block-heading\" id=\"block-bdd9e99f-e23e-4e7f-bc36-f3cd4045be79\">d) Cookies publicitaires<\/h3>\n\n\n\n<p id=\"block-1c02c4a9-5889-41c1-8d9b-59f68bc41c05\">Les cookies publicitaires sont utilis\u00e9s pour g\u00e9rer efficacement les espaces publicitaires et afficher du contenu susceptible d&rsquo;\u00eatre pertinent en fonction de l&rsquo;interaction de l&rsquo;utilisateur avec le site web. Ces cookies n\u00e9cessitent le consentement pr\u00e9alable de l&rsquo;utilisateur.<\/p>\n\n\n\n<h3 class=\"wp-block-heading\" id=\"block-f8d6851e-b974-479b-b870-7dacbdc9c4de\">e) Cookies publicitaires comportementaux<\/h3>\n\n\n\n<p id=\"block-3c085e33-4d0e-4b5b-b9a1-ae92e93a670d\">Ces cookies stockent des informations sur les habitudes de navigation au fil du temps afin de cr\u00e9er un profil utilisateur dans le but d&rsquo;afficher des publicit\u00e9s personnalis\u00e9es. Ces cookies ne sont utilis\u00e9s qu&rsquo;avec le consentement explicite de l&rsquo;utilisateur.<\/p>\n\n\n\n<h3 class=\"wp-block-heading\" id=\"block-65b18602-817b-4289-a7b0-1de6b728cf16\">f) Cookies tiers<\/h3>\n\n\n\n<p id=\"block-4888e7fa-242d-4ef9-93cb-2e4ab8620699\">Ce site Web peut utiliser des cookies tiers \u00e0 des fins d&rsquo;analyse, d&rsquo;int\u00e9gration aux r\u00e9seaux sociaux ou de publicit\u00e9. Ces cookies sont g\u00e9r\u00e9s par des tiers et sont soumis \u00e0 leurs propres politiques en mati\u00e8re de cookies et de confidentialit\u00e9.<\/p>\n\n\n\n<h2 class=\"wp-block-heading\" id=\"block-a9785a46-a81e-4464-a94d-7acf39a2724f\">4. Google Analytics<\/h2>\n\n\n\n<p id=\"block-b109574b-aa25-4058-af92-db3a3785c745\">Ce site Web utilise <strong>Google Analytics<\/strong>, un service d&rsquo;analyse Web fourni par <strong>Google LLC<\/strong>, dont le si\u00e8ge social est situ\u00e9 au 1600 Amphitheatre Parkway, Mountain View, Californie 94043, \u00c9tats-Unis.<\/p>\n\n\n\n<p id=\"block-3d0a5307-d5da-45f9-92ff-57fc32bca7e5\">Google Analytics utilise des cookies pour analyser l&rsquo;utilisation du site web. Les informations collect\u00e9es, qui peuvent inclure des adresses IP anonymis\u00e9es, sont transmises \u00e0 Google et trait\u00e9es par celui-ci sur des serveurs situ\u00e9s en dehors de l&rsquo;Union europ\u00e9enne, conform\u00e9ment aux garanties applicables en mati\u00e8re de protection des donn\u00e9es.<\/p>\n\n\n\n<p id=\"block-9c7bc7b4-a5bd-48d2-a048-1eb430202b6c\">Les cookies Google Analytics ne sont install\u00e9s qu&rsquo;apr\u00e8s que l&rsquo;utilisateur ait donn\u00e9 son consentement explicite via la banni\u00e8re relative aux cookies ou le panneau de configuration.<\/p>\n\n\n\n<h2 class=\"wp-block-heading\" id=\"block-4d50d109-6ed7-4881-ba2a-8ac1364ea9cd\">5. Base juridique pour l&rsquo;utilisation des cookies<\/h2>\n\n\n\n<p id=\"block-3a97f79c-7ec4-42ef-a56d-c2b3477ce8b0\">La base juridique pour l&rsquo;utilisation des cookies est la suivante :<\/p>\n\n\n\n<ul id=\"block-16016a8d-38c6-45cd-ba72-5fc7112e6d22\" class=\"wp-block-list\">\n<li><strong>Article 6(1)(a) du RGPD<\/strong> \u2013 consentement de l&rsquo;utilisateur (analyses, publicit\u00e9, cookies tiers)<\/li>\n\n\n\n<li><strong>Article 6(1)(f) du RGPD<\/strong> \u2013 int\u00e9r\u00eat l\u00e9gitime (cookies techniques strictement n\u00e9cessaires)<\/li>\n<\/ul>\n\n\n\n<p id=\"block-efa91656-bb91-4404-9428-67bcf8d93b5c\">Les utilisateurs peuvent retirer ou modifier leur consentement \u00e0 tout moment.<\/p>\n\n\n\n<h2 class=\"wp-block-heading\" id=\"block-a524e306-feea-4923-9e34-6bcc3f47e6ba\">6. Comment g\u00e9rer ou d\u00e9sactiver les cookies<\/h2>\n\n\n\n<p id=\"block-6efce51d-9219-4de5-8feb-2f7aa051f9ef\">Les utilisateurs peuvent autoriser, bloquer ou supprimer les cookies \u00e0 tout moment via les param\u00e8tres de leur navigateur. Veuillez noter que la d\u00e9sactivation des cookies peut affecter le fonctionnement du site web.<\/p>\n\n\n\n<p id=\"block-59b5c961-944b-422a-84e7-091747cb4197\">Instructions pour le navigateur :<\/p>\n\n\n\n<ul id=\"block-635c7bf7-a5a9-4d62-b5f7-673c5872a038\" class=\"wp-block-list\">\n<li><strong>Google Chrome :<\/strong> Param\u00e8tres \u2192 Confidentialit\u00e9 et s\u00e9curit\u00e9 \u2192 Cookies et autres donn\u00e9es de site<\/li>\n\n\n\n<li><strong>Microsoft Edge \/ Internet Explorer :<\/strong> Options Internet \u2192 Confidentialit\u00e9<\/li>\n\n\n\n<li><strong>Mozilla Firefox :<\/strong> Param\u00e8tres \u2192 Confidentialit\u00e9 et s\u00e9curit\u00e9 \u2192 Cookies et donn\u00e9es de site<\/li>\n\n\n\n<li><strong>Safari :<\/strong> Pr\u00e9f\u00e9rences \u2192 Confidentialit\u00e9<\/li>\n<\/ul>\n\n\n\n<p id=\"block-4daf9b19-81ae-48bd-9151-1998bbe3ea32\">Les utilisateurs peuvent \u00e9galement r\u00e9gler leurs pr\u00e9f\u00e9rences en mati\u00e8re de cookies \u00e0 l&rsquo;aide de l&rsquo;outil de configuration des cookies disponible sur le site web.<\/p>\n\n\n\n<h2 class=\"wp-block-heading\" id=\"block-397f005c-0ecd-465f-b78c-54946512fca9\">7. Mises \u00e0 jour de la pr\u00e9sente politique en mati\u00e8re de cookies<\/h2>\n\n\n\n<p id=\"block-8b47a3d8-ad4a-46b0-8efc-47cddffa9c9f\">La pr\u00e9sente politique en mati\u00e8re de cookies peut \u00eatre mise \u00e0 jour afin de refl\u00e9ter des changements juridiques, techniques ou op\u00e9rationnels. La version la plus r\u00e9cente sera toujours publi\u00e9e sur ce site web.<\/p>\n\n\n\n<h2 class=\"wp-block-heading\" id=\"block-b500c13f-1488-45bd-a8ee-f538b9b0a58e\">8. Contact<\/h2>\n\n\n\n<p>Pour toute question concernant cette politique en mati\u00e8re de cookies, veuillez contacter :<strong>CW Group \u2013 Real Estate Ibiza&nbsp; <\/strong>( CW Europe Group Marbella S.L )<br>&nbsp;rentboatsibiza@gmail.com<\/p>\n","protected":false},"excerpt":{"rendered":"<p>1. Que sont les cookies ? Les cookies sont de petits fichiers texte qui sont t\u00e9l\u00e9charg\u00e9s et stock\u00e9s sur l&rsquo;appareil d&rsquo;un utilisateur lorsqu&rsquo;il visite un site web. Ils permettent au site web de reconna\u00eetre l&rsquo;appareil de l&rsquo;utilisateur et de stocker ou de r\u00e9cup\u00e9rer des informations sur son comportement de navigation, ses pr\u00e9f\u00e9rences ou ses param\u00e8tres [&hellip;]<\/p>\n","protected":false},"author":1,"featured_media":0,"parent":0,"menu_order":0,"comment_status":"closed","ping_status":"closed","template":"","meta":{"inline_featured_image":false,"footnotes":""},"class_list":["post-15215","page","type-page","status-publish","hentry"],"yoast_head":"<!-- This site is optimized with the Yoast SEO plugin v27.4 - https:\/\/yoast.com\/product\/yoast-seo-wordpress\/ -->\n<title>Politique en mati\u00e8re de cookies - Rent Boats Ibiza<\/title>\n<meta name=\"robots\" content=\"index, follow, max-snippet:-1, max-image-preview:large, max-video-preview:-1\" \/>\n<link rel=\"canonical\" href=\"https:\/\/www.rentboatsibiza.es\/fr\/politique-en-matiere-de-cookies\/\" \/>\n<meta property=\"og:locale\" content=\"fr_FR\" \/>\n<meta property=\"og:type\" content=\"article\" \/>\n<meta property=\"og:title\" content=\"Politique en mati\u00e8re de cookies - Rent Boats Ibiza\" \/>\n<meta property=\"og:description\" content=\"1. Que sont les cookies ? Les cookies sont de petits fichiers texte qui sont t\u00e9l\u00e9charg\u00e9s et stock\u00e9s sur l&rsquo;appareil d&rsquo;un utilisateur lorsqu&rsquo;il visite un site web. Ils permettent au site web de reconna\u00eetre l&rsquo;appareil de l&rsquo;utilisateur et de stocker ou de r\u00e9cup\u00e9rer des informations sur son comportement de navigation, ses pr\u00e9f\u00e9rences ou ses param\u00e8tres [&hellip;]\" \/>\n<meta property=\"og:url\" content=\"https:\/\/www.rentboatsibiza.es\/fr\/politique-en-matiere-de-cookies\/\" \/>\n<meta property=\"og:site_name\" content=\"Rent Boats Ibiza\" \/>\n<meta property=\"article:publisher\" content=\"https:\/\/www.facebook.com\/rentboatsibiza\" \/>\n<meta property=\"article:modified_time\" content=\"2026-01-12T06:58:12+00:00\" \/>\n<meta name=\"twitter:card\" content=\"summary_large_image\" \/>\n<meta name=\"twitter:site\" content=\"@rentboatsibiza\" \/>\n<meta name=\"twitter:label1\" content=\"Dur\u00e9e de lecture estim\u00e9e\" \/>\n\t<meta name=\"twitter:data1\" content=\"5 minutes\" \/>\n<script type=\"application\/ld+json\" class=\"yoast-schema-graph\">{\"@context\":\"https:\\\/\\\/schema.org\",\"@graph\":[{\"@type\":\"WebPage\",\"@id\":\"https:\\\/\\\/www.rentboatsibiza.es\\\/fr\\\/politique-en-matiere-de-cookies\\\/\",\"url\":\"https:\\\/\\\/www.rentboatsibiza.es\\\/fr\\\/politique-en-matiere-de-cookies\\\/\",\"name\":\"Politique en mati\u00e8re de cookies - Rent Boats Ibiza\",\"isPartOf\":{\"@id\":\"https:\\\/\\\/www.rentboatsibiza.es\\\/fr\\\/#website\"},\"datePublished\":\"2026-01-12T06:56:22+00:00\",\"dateModified\":\"2026-01-12T06:58:12+00:00\",\"breadcrumb\":{\"@id\":\"https:\\\/\\\/www.rentboatsibiza.es\\\/fr\\\/politique-en-matiere-de-cookies\\\/#breadcrumb\"},\"inLanguage\":\"fr-FR\",\"potentialAction\":[{\"@type\":\"ReadAction\",\"target\":[\"https:\\\/\\\/www.rentboatsibiza.es\\\/fr\\\/politique-en-matiere-de-cookies\\\/\"]}]},{\"@type\":\"BreadcrumbList\",\"@id\":\"https:\\\/\\\/www.rentboatsibiza.es\\\/fr\\\/politique-en-matiere-de-cookies\\\/#breadcrumb\",\"itemListElement\":[{\"@type\":\"ListItem\",\"position\":1,\"name\":\"Home\",\"item\":\"https:\\\/\\\/www.rentboatsibiza.es\\\/fr\\\/\"},{\"@type\":\"ListItem\",\"position\":2,\"name\":\"Politique en mati\u00e8re de cookies\"}]},{\"@type\":\"WebSite\",\"@id\":\"https:\\\/\\\/www.rentboatsibiza.es\\\/fr\\\/#website\",\"url\":\"https:\\\/\\\/www.rentboatsibiza.es\\\/fr\\\/\",\"name\":\"Rent Boats Ibiza\",\"description\":\"Best Luxury Boat &amp; Yacht Rentals\",\"publisher\":{\"@id\":\"https:\\\/\\\/www.rentboatsibiza.es\\\/fr\\\/#organization\"},\"potentialAction\":[{\"@type\":\"SearchAction\",\"target\":{\"@type\":\"EntryPoint\",\"urlTemplate\":\"https:\\\/\\\/www.rentboatsibiza.es\\\/fr\\\/?s={search_term_string}\"},\"query-input\":{\"@type\":\"PropertyValueSpecification\",\"valueRequired\":true,\"valueName\":\"search_term_string\"}}],\"inLanguage\":\"fr-FR\"},{\"@type\":\"Organization\",\"@id\":\"https:\\\/\\\/www.rentboatsibiza.es\\\/fr\\\/#organization\",\"name\":\"Rent Boats Ibiza\",\"url\":\"https:\\\/\\\/www.rentboatsibiza.es\\\/fr\\\/\",\"logo\":{\"@type\":\"ImageObject\",\"inLanguage\":\"fr-FR\",\"@id\":\"https:\\\/\\\/www.rentboatsibiza.es\\\/fr\\\/#\\\/schema\\\/logo\\\/image\\\/\",\"url\":\"https:\\\/\\\/www.rentboatsibiza.es\\\/wp-content\\\/uploads\\\/2025\\\/12\\\/cw-rent-boats-logo.png\",\"contentUrl\":\"https:\\\/\\\/www.rentboatsibiza.es\\\/wp-content\\\/uploads\\\/2025\\\/12\\\/cw-rent-boats-logo.png\",\"width\":494,\"height\":238,\"caption\":\"Rent Boats Ibiza\"},\"image\":{\"@id\":\"https:\\\/\\\/www.rentboatsibiza.es\\\/fr\\\/#\\\/schema\\\/logo\\\/image\\\/\"},\"sameAs\":[\"https:\\\/\\\/www.facebook.com\\\/rentboatsibiza\",\"https:\\\/\\\/x.com\\\/rentboatsibiza\",\"https:\\\/\\\/www.linkedin.com\\\/company\\\/rentboatsibiza\",\"https:\\\/\\\/www.youtube.com\\\/@CWRentBoatsIbiza\"]}]}<\/script>\n<!-- \/ Yoast SEO plugin. -->","yoast_head_json":{"title":"Politique en mati\u00e8re de cookies - Rent Boats Ibiza","robots":{"index":"index","follow":"follow","max-snippet":"max-snippet:-1","max-image-preview":"max-image-preview:large","max-video-preview":"max-video-preview:-1"},"canonical":"https:\/\/www.rentboatsibiza.es\/fr\/politique-en-matiere-de-cookies\/","og_locale":"fr_FR","og_type":"article","og_title":"Politique en mati\u00e8re de cookies - Rent Boats Ibiza","og_description":"1. Que sont les cookies ? Les cookies sont de petits fichiers texte qui sont t\u00e9l\u00e9charg\u00e9s et stock\u00e9s sur l&rsquo;appareil d&rsquo;un utilisateur lorsqu&rsquo;il visite un site web. Ils permettent au site web de reconna\u00eetre l&rsquo;appareil de l&rsquo;utilisateur et de stocker ou de r\u00e9cup\u00e9rer des informations sur son comportement de navigation, ses pr\u00e9f\u00e9rences ou ses param\u00e8tres [&hellip;]","og_url":"https:\/\/www.rentboatsibiza.es\/fr\/politique-en-matiere-de-cookies\/","og_site_name":"Rent Boats Ibiza","article_publisher":"https:\/\/www.facebook.com\/rentboatsibiza","article_modified_time":"2026-01-12T06:58:12+00:00","twitter_card":"summary_large_image","twitter_site":"@rentboatsibiza","twitter_misc":{"Dur\u00e9e de lecture estim\u00e9e":"5 minutes"},"schema":{"@context":"https:\/\/schema.org","@graph":[{"@type":"WebPage","@id":"https:\/\/www.rentboatsibiza.es\/fr\/politique-en-matiere-de-cookies\/","url":"https:\/\/www.rentboatsibiza.es\/fr\/politique-en-matiere-de-cookies\/","name":"Politique en mati\u00e8re de cookies - Rent Boats Ibiza","isPartOf":{"@id":"https:\/\/www.rentboatsibiza.es\/fr\/#website"},"datePublished":"2026-01-12T06:56:22+00:00","dateModified":"2026-01-12T06:58:12+00:00","breadcrumb":{"@id":"https:\/\/www.rentboatsibiza.es\/fr\/politique-en-matiere-de-cookies\/#breadcrumb"},"inLanguage":"fr-FR","potentialAction":[{"@type":"ReadAction","target":["https:\/\/www.rentboatsibiza.es\/fr\/politique-en-matiere-de-cookies\/"]}]},{"@type":"BreadcrumbList","@id":"https:\/\/www.rentboatsibiza.es\/fr\/politique-en-matiere-de-cookies\/#breadcrumb","itemListElement":[{"@type":"ListItem","position":1,"name":"Home","item":"https:\/\/www.rentboatsibiza.es\/fr\/"},{"@type":"ListItem","position":2,"name":"Politique en mati\u00e8re de cookies"}]},{"@type":"WebSite","@id":"https:\/\/www.rentboatsibiza.es\/fr\/#website","url":"https:\/\/www.rentboatsibiza.es\/fr\/","name":"Rent Boats Ibiza","description":"Best Luxury Boat &amp; Yacht Rentals","publisher":{"@id":"https:\/\/www.rentboatsibiza.es\/fr\/#organization"},"potentialAction":[{"@type":"SearchAction","target":{"@type":"EntryPoint","urlTemplate":"https:\/\/www.rentboatsibiza.es\/fr\/?s={search_term_string}"},"query-input":{"@type":"PropertyValueSpecification","valueRequired":true,"valueName":"search_term_string"}}],"inLanguage":"fr-FR"},{"@type":"Organization","@id":"https:\/\/www.rentboatsibiza.es\/fr\/#organization","name":"Rent Boats Ibiza","url":"https:\/\/www.rentboatsibiza.es\/fr\/","logo":{"@type":"ImageObject","inLanguage":"fr-FR","@id":"https:\/\/www.rentboatsibiza.es\/fr\/#\/schema\/logo\/image\/","url":"https:\/\/www.rentboatsibiza.es\/wp-content\/uploads\/2025\/12\/cw-rent-boats-logo.png","contentUrl":"https:\/\/www.rentboatsibiza.es\/wp-content\/uploads\/2025\/12\/cw-rent-boats-logo.png","width":494,"height":238,"caption":"Rent Boats Ibiza"},"image":{"@id":"https:\/\/www.rentboatsibiza.es\/fr\/#\/schema\/logo\/image\/"},"sameAs":["https:\/\/www.facebook.com\/rentboatsibiza","https:\/\/x.com\/rentboatsibiza","https:\/\/www.linkedin.com\/company\/rentboatsibiza","https:\/\/www.youtube.com\/@CWRentBoatsIbiza"]}]}},"_links":{"self":[{"href":"https:\/\/www.rentboatsibiza.es\/fr\/wp-json\/wp\/v2\/pages\/15215","targetHints":{"allow":["GET"]}}],"collection":[{"href":"https:\/\/www.rentboatsibiza.es\/fr\/wp-json\/wp\/v2\/pages"}],"about":[{"href":"https:\/\/www.rentboatsibiza.es\/fr\/wp-json\/wp\/v2\/types\/page"}],"author":[{"embeddable":true,"href":"https:\/\/www.rentboatsibiza.es\/fr\/wp-json\/wp\/v2\/users\/1"}],"replies":[{"embeddable":true,"href":"https:\/\/www.rentboatsibiza.es\/fr\/wp-json\/wp\/v2\/comments?post=15215"}],"version-history":[{"count":1,"href":"https:\/\/www.rentboatsibiza.es\/fr\/wp-json\/wp\/v2\/pages\/15215\/revisions"}],"predecessor-version":[{"id":15219,"href":"https:\/\/www.rentboatsibiza.es\/fr\/wp-json\/wp\/v2\/pages\/15215\/revisions\/15219"}],"wp:attachment":[{"href":"https:\/\/www.rentboatsibiza.es\/fr\/wp-json\/wp\/v2\/media?parent=15215"}],"curies":[{"name":"wp","href":"https:\/\/api.w.org\/{rel}","templated":true}]}}